{"id":5546,"date":"2021-07-29T14:01:52","date_gmt":"2021-07-29T11:01:52","guid":{"rendered":"https:\/\/chakrashop.ro\/product\/5546\/"},"modified":"2021-08-25T20:21:34","modified_gmt":"2021-08-25T17:21:34","slug":"shiva-statuie-alama-15cm","status":"publish","type":"product","link":"https:\/\/chakrashop.ro\/hu\/product\/shiva-statuie-alama-15cm\/","title":{"rendered":"Shiva Statuie Alam\u0103 15cm"},"content":{"rendered":"","protected":false},"excerpt":{"rendered":"<p>Statuie Shiva<br \/>\nMaterial : alam\u0103<br \/>\nDimensiune \u00een cm : 15<br \/>\nDansul cosmic al lui Shiva Nataraj ca rege (raja) al dansului (nata) este considerat un simbol al universului \u00een continu\u0103 mi\u0219care. Shiva Nataraj este \u00een mare parte \u00eenconjurat de o aur\u0103 de fl\u0103c\u0103ri care ofer\u0103 protec\u021bie \u00eempotriva tuturor influen\u021belor exterioare deranjante, dar \u00eenseamn\u0103 \u0219i focul distrugerii vechiului, f\u0103c\u00e2nd loc noului, simboliz\u00e2nd ciclul etern al existen\u021bei. \u00cen m\u00e2na dreapt\u0103 \u021bine un tambur mic, imagine a ritmului crea\u021biei. Mantra sa este OM, sunetul primar din care a ap\u0103rut \u00eentreaga crea\u021bie. Cu a doua sa m\u00e2n\u0103 dreapt\u0103, Shiva \u021bine o tor\u021b\u0103 sau o flac\u0103r\u0103, ca simbol al distrugerii \u0219i re\u00eennoirii. Bra\u021bul st\u00e2ng \u00een jos simbolizeaz\u0103 smerenia conving\u0103toare.<\/p>","protected":false},"featured_media":6054,"comment_status":"closed","ping_status":"closed","template":"","meta":[],"product_cat":[75],"product_tag":[],"_links":{"self":[{"href":"https:\/\/chakrashop.ro\/hu\/wp-json\/wp\/v2\/product\/5546"}],"collection":[{"href":"https:\/\/chakrashop.ro\/hu\/wp-json\/wp\/v2\/product"}],"about":[{"href":"https:\/\/chakrashop.ro\/hu\/wp-json\/wp\/v2\/types\/product"}],"replies":[{"embeddable":true,"href":"https:\/\/chakrashop.ro\/hu\/wp-json\/wp\/v2\/comments?post=5546"}],"wp:featuredmedia":[{"embeddable":true,"href":"https:\/\/chakrashop.ro\/hu\/wp-json\/wp\/v2\/media\/6054"}],"wp:attachment":[{"href":"https:\/\/chakrashop.ro\/hu\/wp-json\/wp\/v2\/media?parent=5546"}],"wp:term":[{"taxonomy":"product_cat","embeddable":true,"href":"https:\/\/chakrashop.ro\/hu\/wp-json\/wp\/v2\/product_cat?post=5546"},{"taxonomy":"product_tag","embeddable":true,"href":"https:\/\/chakrashop.ro\/hu\/wp-json\/wp\/v2\/product_tag?post=5546"}],"curies":[{"name":"wp","href":"https:\/\/api.w.org\/{rel}","templated":true}]}}