{"id":5571,"date":"2021-07-29T13:57:47","date_gmt":"2021-07-29T10:57:47","guid":{"rendered":"https:\/\/chakrashop.ro\/product\/5571\/"},"modified":"2021-08-26T22:11:17","modified_gmt":"2021-08-26T19:11:17","slug":"breloc-onyx","status":"publish","type":"product","link":"https:\/\/chakrashop.ro\/hu\/product\/breloc-onyx\/","title":{"rendered":"Breloc Onyx cu Dungi (Calcedonie)"},"content":{"rendered":"","protected":false},"excerpt":{"rendered":"<p>Breloc din Onyx cu dungi<br \/>\nDimensiune : 60 mm<\/p>\n<p>Onyx este una dintre soiurile de agate. O caracteristic\u0103 distinctiv\u0103 a onixului sunt benzile de ro\u0219u, alb, maro, negru. Se crede c\u0103 cu c\u00e2t mai sub\u021bire e banda, piatra onyx este cu at\u00e2t mai valoroas\u0103. Exist\u0103 cristale transparente \u0219i opace.<\/p>\n<p>Piatra Onix are propriet\u0103\u021bi de vindecare. \u00cen medicina popular\u0103, exist\u0103 opinia c\u0103 onixul de piatr\u0103 vindec\u0103 multe boli. De exemplu, \u00een cazul \u00een care produsele din onix sunt purtate pe corp, acesta va \u00eembun\u0103t\u0103\u021bi activitatea de aproape toate organele interne (\u00een special la rinichi \u0219i ficat).<\/p>\n<p>Ca \u0219i despre alte minerale,se spune c\u0103\u00a0\u0219i onixul are propriet\u0103\u021bi magice. Onixul a fost folosit \u00een antichitate \u00een ritualuri magice. \u00cen Biblie se g\u0103se\u0219te o men\u021biune a templului din Ierusalim, \u00een care zidurile erau f\u0103cute din onix translucid. \u00cen templul musulman, care se afl\u0103 \u00een Kaaba, se introduce un onix negru \u00een perete. \u00cen Roma antic\u0103, aceast\u0103 piatr\u0103 a fost considerat\u0103 una dintre cele mai puternice amulete.<\/p>\n<div class=\"code-block code-block-6\">\n<div id=\"content_rb_14788\" class=\"content_rb\" data-id=\"14788\"><\/div>\n<\/div>","protected":false},"featured_media":6068,"comment_status":"closed","ping_status":"closed","template":"","meta":[],"product_cat":[75],"product_tag":[],"_links":{"self":[{"href":"https:\/\/chakrashop.ro\/hu\/wp-json\/wp\/v2\/product\/5571"}],"collection":[{"href":"https:\/\/chakrashop.ro\/hu\/wp-json\/wp\/v2\/product"}],"about":[{"href":"https:\/\/chakrashop.ro\/hu\/wp-json\/wp\/v2\/types\/product"}],"replies":[{"embeddable":true,"href":"https:\/\/chakrashop.ro\/hu\/wp-json\/wp\/v2\/comments?post=5571"}],"wp:featuredmedia":[{"embeddable":true,"href":"https:\/\/chakrashop.ro\/hu\/wp-json\/wp\/v2\/media\/6068"}],"wp:attachment":[{"href":"https:\/\/chakrashop.ro\/hu\/wp-json\/wp\/v2\/media?parent=5571"}],"wp:term":[{"taxonomy":"product_cat","embeddable":true,"href":"https:\/\/chakrashop.ro\/hu\/wp-json\/wp\/v2\/product_cat?post=5571"},{"taxonomy":"product_tag","embeddable":true,"href":"https:\/\/chakrashop.ro\/hu\/wp-json\/wp\/v2\/product_tag?post=5571"}],"curies":[{"name":"wp","href":"https:\/\/api.w.org\/{rel}","templated":true}]}}