{"id":5573,"date":"2021-07-29T13:57:49","date_gmt":"2021-07-29T10:57:49","guid":{"rendered":"https:\/\/chakrashop.ro\/product\/5573\/"},"modified":"2021-07-29T13:57:49","modified_gmt":"2021-07-29T10:57:49","slug":"fantana-mudra-compassiunii","status":"publish","type":"product","link":"https:\/\/chakrashop.ro\/hu\/product\/fantana-mudra-compassiunii\/","title":{"rendered":"F\u00e2nt\u00e2n\u0103 Mudra Compassiunii"},"content":{"rendered":"","protected":false},"excerpt":{"rendered":"<p>F\u00e2nt\u00e2n\u0103 Mudra Compassiunii<br \/>Dimensiune : 13.3&#215;13.3x20cm<br \/>Material : Polyresin<br \/>Adaptor input: 220-240V, 50 Hz; output 12V, 300mA<br \/>Lumin\u0103 cald\u0103 LED light: 12V, 50Hz, 3W<br F\u00e2nt\u00e2n\u0103 decorativ\u0103 pentru interior,foarte popular\u0103 pentru birou sau acas\u0103.<\/p>","protected":false},"featured_media":5814,"comment_status":"closed","ping_status":"open","template":"","meta":[],"product_cat":[75],"product_tag":[],"_links":{"self":[{"href":"https:\/\/chakrashop.ro\/hu\/wp-json\/wp\/v2\/product\/5573"}],"collection":[{"href":"https:\/\/chakrashop.ro\/hu\/wp-json\/wp\/v2\/product"}],"about":[{"href":"https:\/\/chakrashop.ro\/hu\/wp-json\/wp\/v2\/types\/product"}],"replies":[{"embeddable":true,"href":"https:\/\/chakrashop.ro\/hu\/wp-json\/wp\/v2\/comments?post=5573"}],"wp:featuredmedia":[{"embeddable":true,"href":"https:\/\/chakrashop.ro\/hu\/wp-json\/wp\/v2\/media\/5814"}],"wp:attachment":[{"href":"https:\/\/chakrashop.ro\/hu\/wp-json\/wp\/v2\/media?parent=5573"}],"wp:term":[{"taxonomy":"product_cat","embeddable":true,"href":"https:\/\/chakrashop.ro\/hu\/wp-json\/wp\/v2\/product_cat?post=5573"},{"taxonomy":"product_tag","embeddable":true,"href":"https:\/\/chakrashop.ro\/hu\/wp-json\/wp\/v2\/product_tag?post=5573"}],"curies":[{"name":"wp","href":"https:\/\/api.w.org\/{rel}","templated":true}]}}