{"id":5575,"date":"2021-07-29T13:57:51","date_gmt":"2021-07-29T10:57:51","guid":{"rendered":"https:\/\/chakrashop.ro\/product\/5575\/"},"modified":"2021-07-29T13:57:51","modified_gmt":"2021-07-29T10:57:51","slug":"steaguri-tibetane","status":"publish","type":"product","link":"https:\/\/chakrashop.ro\/hu\/product\/steaguri-tibetane\/","title":{"rendered":"Steaguri Tibetane"},"content":{"rendered":"","protected":false},"excerpt":{"rendered":"<p>Steaguri de Rug\u0103ciune Tibetane<br \/>Dimensiune : 17.5&#215;17.5x170cm<br \/>Material : Bumbac<br \/>\u00cen culorile alb, ro\u0219u, albastru, galben \u0219i verde \u00cen budismul tibetan, aceste steaguri de rug\u0103ciune sunt indispensabile. Conform tradi\u021biilor, rug\u0103ciunile tip\u0103rite pe aceste steaguri vor fi r\u0103sp\u00e2ndite de v\u00e2nt \u0219i vor contribui la un mediu pozitiv.\/><\/p>","protected":false},"featured_media":5816,"comment_status":"closed","ping_status":"open","template":"","meta":[],"product_cat":[75],"product_tag":[],"_links":{"self":[{"href":"https:\/\/chakrashop.ro\/hu\/wp-json\/wp\/v2\/product\/5575"}],"collection":[{"href":"https:\/\/chakrashop.ro\/hu\/wp-json\/wp\/v2\/product"}],"about":[{"href":"https:\/\/chakrashop.ro\/hu\/wp-json\/wp\/v2\/types\/product"}],"replies":[{"embeddable":true,"href":"https:\/\/chakrashop.ro\/hu\/wp-json\/wp\/v2\/comments?post=5575"}],"wp:featuredmedia":[{"embeddable":true,"href":"https:\/\/chakrashop.ro\/hu\/wp-json\/wp\/v2\/media\/5816"}],"wp:attachment":[{"href":"https:\/\/chakrashop.ro\/hu\/wp-json\/wp\/v2\/media?parent=5575"}],"wp:term":[{"taxonomy":"product_cat","embeddable":true,"href":"https:\/\/chakrashop.ro\/hu\/wp-json\/wp\/v2\/product_cat?post=5575"},{"taxonomy":"product_tag","embeddable":true,"href":"https:\/\/chakrashop.ro\/hu\/wp-json\/wp\/v2\/product_tag?post=5575"}],"curies":[{"name":"wp","href":"https:\/\/api.w.org\/{rel}","templated":true}]}}