{"id":5576,"date":"2021-07-29T13:57:53","date_gmt":"2021-07-29T10:57:53","guid":{"rendered":"https:\/\/chakrashop.ro\/product\/5576\/"},"modified":"2021-07-29T13:57:53","modified_gmt":"2021-07-29T10:57:53","slug":"sare-de-la-marea-moarta","status":"publish","type":"product","link":"https:\/\/chakrashop.ro\/hu\/product\/sare-de-la-marea-moarta\/","title":{"rendered":"Sare de la Marea Moart\u0103"},"content":{"rendered":"","protected":false},"excerpt":{"rendered":"<p>Sare de la Marea Moart\u0103<br \/>Greutate : 180gr<br \/>Produs 100% natural, f\u0103r\u0103 niciun adaos.<br \/>Sarea din Marea Moart\u0103 este bogat\u0103 \u00een minerale \u0219i oligoelemente cu propriet\u0103\u021bi specifice de cur\u0103\u021bare \u0219i regenerare. Pentru o baie relaxant\u0103 \u0219i de cur\u0103\u021bare (picioare), 100% natural\u0103.<br \/>Utilizare: Pune\u021bi aproximativ 100 de grame de sare \u00eentr-o baie cald\u0103 pentru picioare. Pentru o baie, utiliza\u021bi 180 de grame sau chiar mai mult. Relaxa\u021bi-v\u0103 timp de \u00b1 15 minute \u0219i apoi cl\u0103ti\u021bi.<\/p>","protected":false},"featured_media":5817,"comment_status":"closed","ping_status":"open","template":"","meta":[],"product_cat":[76],"product_tag":[],"_links":{"self":[{"href":"https:\/\/chakrashop.ro\/hu\/wp-json\/wp\/v2\/product\/5576"}],"collection":[{"href":"https:\/\/chakrashop.ro\/hu\/wp-json\/wp\/v2\/product"}],"about":[{"href":"https:\/\/chakrashop.ro\/hu\/wp-json\/wp\/v2\/types\/product"}],"replies":[{"embeddable":true,"href":"https:\/\/chakrashop.ro\/hu\/wp-json\/wp\/v2\/comments?post=5576"}],"wp:featuredmedia":[{"embeddable":true,"href":"https:\/\/chakrashop.ro\/hu\/wp-json\/wp\/v2\/media\/5817"}],"wp:attachment":[{"href":"https:\/\/chakrashop.ro\/hu\/wp-json\/wp\/v2\/media?parent=5576"}],"wp:term":[{"taxonomy":"product_cat","embeddable":true,"href":"https:\/\/chakrashop.ro\/hu\/wp-json\/wp\/v2\/product_cat?post=5576"},{"taxonomy":"product_tag","embeddable":true,"href":"https:\/\/chakrashop.ro\/hu\/wp-json\/wp\/v2\/product_tag?post=5576"}],"curies":[{"name":"wp","href":"https:\/\/api.w.org\/{rel}","templated":true}]}}