{"id":5577,"date":"2021-07-29T13:57:54","date_gmt":"2021-07-29T10:57:54","guid":{"rendered":"https:\/\/chakrashop.ro\/product\/5577\/"},"modified":"2021-07-29T13:57:54","modified_gmt":"2021-07-29T10:57:54","slug":"argila-de-la-marea-moarta","status":"publish","type":"product","link":"https:\/\/chakrashop.ro\/hu\/product\/argila-de-la-marea-moarta\/","title":{"rendered":"Argila de la Marea Moart\u0103"},"content":{"rendered":"","protected":false},"excerpt":{"rendered":"<p>Argila de la Marea Moart\u0103<br \/>Greutate : 300gr<br \/>Compozi\u021bie : lut din Marea Moart\u0103.<br \/>Produs 100% natural, f\u0103r\u0103 niciun adaos.<br \/>Atunci c\u00e2nd este folosit ca masc\u0103, Dead Sea Mud, un produs natural dintr-un lac unic de ap\u0103 s\u0103rat\u0103, v\u0103 va aduce efecte benefice remarcabile. Sedimentele din acest lac formeaz\u0103 un n\u0103mol negru revitalizant, care a fost folosit \u00een remedii \u0219i tratamente pentru piele \u00eenc\u0103 din cele mai vechi timpuri.<br \/>Recomandat \u00een special pentru utilizare pe fa\u021b\u0103 \u0219i g\u00e2t, v\u0103 va l\u0103sa pielea mai fin\u0103, regenerat\u0103 \u0219i \u00eenmuiat\u0103. \u0218i p\u0103rul poate beneficia de acest tratament, care va elimina orice impurit\u0103\u021bi din cauza factorilor externi nocivi.<\/p>","protected":false},"featured_media":5818,"comment_status":"closed","ping_status":"open","template":"","meta":[],"product_cat":[76],"product_tag":[],"_links":{"self":[{"href":"https:\/\/chakrashop.ro\/hu\/wp-json\/wp\/v2\/product\/5577"}],"collection":[{"href":"https:\/\/chakrashop.ro\/hu\/wp-json\/wp\/v2\/product"}],"about":[{"href":"https:\/\/chakrashop.ro\/hu\/wp-json\/wp\/v2\/types\/product"}],"replies":[{"embeddable":true,"href":"https:\/\/chakrashop.ro\/hu\/wp-json\/wp\/v2\/comments?post=5577"}],"wp:featuredmedia":[{"embeddable":true,"href":"https:\/\/chakrashop.ro\/hu\/wp-json\/wp\/v2\/media\/5818"}],"wp:attachment":[{"href":"https:\/\/chakrashop.ro\/hu\/wp-json\/wp\/v2\/media?parent=5577"}],"wp:term":[{"taxonomy":"product_cat","embeddable":true,"href":"https:\/\/chakrashop.ro\/hu\/wp-json\/wp\/v2\/product_cat?post=5577"},{"taxonomy":"product_tag","embeddable":true,"href":"https:\/\/chakrashop.ro\/hu\/wp-json\/wp\/v2\/product_tag?post=5577"}],"curies":[{"name":"wp","href":"https:\/\/api.w.org\/{rel}","templated":true}]}}