{"id":5578,"date":"2021-07-29T13:57:55","date_gmt":"2021-07-29T10:57:55","guid":{"rendered":"https:\/\/chakrashop.ro\/product\/5578\/"},"modified":"2021-07-29T13:57:55","modified_gmt":"2021-07-29T10:57:55","slug":"sapun-ayurvedic-holy-lama-rainforest","status":"publish","type":"product","link":"https:\/\/chakrashop.ro\/hu\/product\/sapun-ayurvedic-holy-lama-rainforest\/","title":{"rendered":"S\u0103pun Ayurvedic Holy Lama Rainforest"},"content":{"rendered":"","protected":false},"excerpt":{"rendered":"<p>S\u0103pun Ayurvedic Holy Lama Rainforest<br s\u0103punurile ayurvedice naturale de lux holy lama naturals sunt populare pentru parfumul lor lung\u0103 durat\u0103. frumos ambalat \u00eentr-o coaj\u0103 natural\u0103 realizat\u0103 manual din frunza palmier areca.<br \/>Holy Lama Naturals Rainforest Soap este un s\u0103pun de vetiver care confer\u0103 un efect natural de r\u0103cire. Ingrediente precum vetiver, Hydnocarpus wightiana sunt utilizate pe scar\u0103 larg\u0103 \u00een medicina ayurvedic\u0103.<br \/>Greutate : 100gr<br \/>Ingrediente: cocoat de sodiu, ulei Hydnocarpus whitiana, ulei de semin\u021be de Ricinus communis, ulei de r\u0103d\u0103cin\u0103 Vetiveria zizanoides, ulei de r\u0103d\u0103cin\u0103 Curcuma longa, ulei de lemn de Cedrus deodara, ulei de frunze de cablu Pogostemon, ulei de r\u0103d\u0103cin\u0103 Cyperuss rotundus, ulei de rizom Acorus calamus, limonen.<br natural - durabil comer\u021b echitabil :<br \/>Produsele Holy Lama sunt fabricate preponderent din ingrediente naturale, evit\u00e2nd utilizarea substan\u021belor chimice dure sau a materialelor sintetice. Ori de c\u00e2te ori este posibil, folosim materiale durabile pentru ambalare. \u00cen timpul fabrica\u021biei, se produce mai pu\u021bin de 1% risip\u0103 \u0219i toate de\u0219eurile sunt utilizate ca combustibil sau furaje pentru bovine, astfel amprenta noastr\u0103 de carbon este excep\u021bional de sc\u0103zut\u0103!<br \/>Materiile prime utilizate pentru fabricare provin \u00een principal de la fermierii locali din Kerala \u0219i din restul Indiei, baz\u00e2ndu-se pe peste \u0219apte decenii de rela\u021bii puternic stabilite cu fermierii. Afacerea se desf\u0103\u0219oar\u0103 pe un principiu f\u0103r\u0103 credit, ceea ce \u00eenseamn\u0103 c\u0103 to\u021bi fermierii \u0219i furnizorii de materii prime sunt pl\u0103ti\u021bi imediat. Fabrica pl\u0103te\u0219te salarii corecte personalului \u0219i pre\u021buri corecte agricultorilor.<br \/>\u00centreprinderea femeilor:<br \/>Holy Lama Naturals este recunoscut\u0103 \u00een Kerala ca o \u00eentreprindere de femei aprobat\u0103 de guvern, unde peste 80% dintre lucr\u0103torii din fabric\u0103 sunt femei. Majoritatea provin din medii defavorizate (adic\u0103 v\u0103duve sau nec\u0103s\u0103torite ).<\/p>","protected":false},"featured_media":5819,"comment_status":"closed","ping_status":"open","template":"","meta":[],"product_cat":[76],"product_tag":[],"_links":{"self":[{"href":"https:\/\/chakrashop.ro\/hu\/wp-json\/wp\/v2\/product\/5578"}],"collection":[{"href":"https:\/\/chakrashop.ro\/hu\/wp-json\/wp\/v2\/product"}],"about":[{"href":"https:\/\/chakrashop.ro\/hu\/wp-json\/wp\/v2\/types\/product"}],"replies":[{"embeddable":true,"href":"https:\/\/chakrashop.ro\/hu\/wp-json\/wp\/v2\/comments?post=5578"}],"wp:featuredmedia":[{"embeddable":true,"href":"https:\/\/chakrashop.ro\/hu\/wp-json\/wp\/v2\/media\/5819"}],"wp:attachment":[{"href":"https:\/\/chakrashop.ro\/hu\/wp-json\/wp\/v2\/media?parent=5578"}],"wp:term":[{"taxonomy":"product_cat","embeddable":true,"href":"https:\/\/chakrashop.ro\/hu\/wp-json\/wp\/v2\/product_cat?post=5578"},{"taxonomy":"product_tag","embeddable":true,"href":"https:\/\/chakrashop.ro\/hu\/wp-json\/wp\/v2\/product_tag?post=5578"}],"curies":[{"name":"wp","href":"https:\/\/api.w.org\/{rel}","templated":true}]}}