{"id":5583,"date":"2021-07-29T13:57:59","date_gmt":"2021-07-29T10:57:59","guid":{"rendered":"https:\/\/chakrashop.ro\/product\/5583\/"},"modified":"2023-09-19T14:29:52","modified_gmt":"2023-09-19T11:29:52","slug":"set-de-masaj-ayurvedic-holy-lama","status":"publish","type":"product","link":"https:\/\/chakrashop.ro\/hu\/product\/set-de-masaj-ayurvedic-holy-lama\/","title":{"rendered":"Set de Masaj Ayurvedic Holy Lama"},"content":{"rendered":"","protected":false},"excerpt":{"rendered":"<p>Set de Masaj Ayurvedic Holy Lama<br \/>Uleiurile de masaj Holy Lama Naturals sunt un amestec unic de uleiuri esen\u021biale \u0219i ajut\u0103 corpul, mintea \u0219i spiritul s\u0103 se relaxeze \u0219i s\u0103 revitalizeze. Poate fi folosit pentru masaj sau ca uleiuri corporale de zi cu zi. Un set perfect pentru c\u0103l\u0103torii sau pentru a face cadou.<br \/>Con\u021binut : <br \/>30 ml Bliss &#8211; Parfumul de rozmarin, clary sage \u0219i l\u0103m\u00e2ie v\u0103 ofer\u0103 o experien\u021b\u0103 cereasc\u0103.<br \/>30 ml Enhance &#8211; iasomia, ylang ylang \u0219i l\u0103m\u00e2ia p\u0103streaz\u0103 calmul \u0219i stabilitatea g\u00e2ndirii.<br \/>30 ml Everfresh &#8211; ulei de Petitgrain, ulei de portocale \u0219i ulei de paciuli ajut\u0103 s\u0103 fie ascu\u021bi\u021bi \u0219i hot\u0103r\u00e2\u021bi \u00een g\u00e2ndire.<br \/>30 ml Relaxare &#8211; rozmarin, busuioc \u0219i eucalipt ajut\u0103 la redarea vitalit\u0103\u021bii corpului, min\u021bii \u0219i spiritului.<br \/>Acest set este ambalat \u00eentr-o hus\u0103 de c\u0103l\u0103torie ecologic\u0103 \u0219i durabil\u0103, realizat\u0103 manual din frunze de palmier.<br \/>Natural &#8211; Durabil &#8211; Comer\u021b echitabil :<br \/>Produsele Holy Lama sunt fabricate preponderent din ingrediente naturale, evit\u00e2nd utilizarea substan\u021belor chimice dure sau a materialelor sintetice. Ori de c\u00e2te ori este posibil, folosim materiale durabile pentru ambalare. \u00cen timpul fabrica\u021biei, se produce mai pu\u021bin de 1% risip\u0103 \u0219i toate de\u0219eurile sunt folosite ca combustibil sau furaje pentru bovine, astfel amprenta noastr\u0103 de carbon este excep\u021bional de sc\u0103zut\u0103!<br \/>Materiile prime utilizate pentru fabricare provin \u00een principal de la fermierii locali din Kerala \u0219i din restul Indiei, baz\u00e2ndu-se pe peste \u0219apte decenii de rela\u021bii puternic stabilite cu fermierii. Afacerea se desf\u0103\u0219oar\u0103 pe un principiu f\u0103r\u0103 credit, ceea ce \u00eenseamn\u0103 c\u0103 to\u021bi fermierii \u0219i furnizorii de materii prime sunt pl\u0103ti\u021bi imediat. Fabrica pl\u0103te\u0219te salarii corecte personalului \u0219i pre\u021buri corecte agricultorilor.<br \/>\u00centreprinderea femeilor :<br \/>Holy Lama Naturals este recunoscut\u0103 \u00een Kerala ca o \u00eentreprindere de femei aprobat\u0103 de guvern, unde peste 80% dintre lucr\u0103torii din fabric\u0103 sunt femei. Majoritatea provin din medii defavorizate (adic\u0103 v\u0103duve sau nec\u0103s\u0103torite).<br \/>Ingrediente :<br \/>Bliss :<br \/>INCI : Ulei de semin\u021be Helianthus Annuus, Ulei de semin\u021be de Sesamum Indicum, Ulei de Cocos Nucifera, Ulei de Prunus Amygdalus Dulcis, Ulei de semin\u021be Simmondsia Chinensis, Tocoferol, Ulei de Lavandula Angustifolia, Ulei de frunze Rosmarinus Officinalis, Ulei de frunze Eucalyptus Globulus, Ulei de ment\u0103 Ocimum Sanct Linalool, Eugenol.<br \/>Enhance :<br \/>INCI : Ulei de semin\u021be Helianthus Annuus, Ulei de semin\u021be de Sesamum Indicum, Ulei de Cocos Nucifera, Ulei de Prunus Amygdalus Dulcis, Ulei de semin\u021be Simmondsia Chinensis, Tocoferol, Ulei de fructe Citrus Limonum, Ulei de flori Jasminum Officinale, Ulei de flori Cananga Odorata, D-Limonen, Linalool, Benzil Salicilat, benzoat de benzii, citral, eugenol, farnesol, alcool benzilic, citronelol, geraniol.<br \/>Everfresh :<br \/>INCI : Ulei de semin\u021be Helianthus Annuus, Ulei de semin\u021be de Sesamum Indicum, Ulei de Cocos Nucifera, Ulei de Prunus Amygdalus Dulcis, Ulei de semin\u021be Simmondsia Chinensis, Tocoferol, Ulei de fructe Citrus Nobilis, Ulei de Citrus Aurantium Dulcis, Ulei de frunze de Pogostemon Cablin, Linalool, D-Limon, D-Limon , Citronellol, Geraniol.<br \/>Relaxare :<br \/>INCI : Ulei<\/p>","protected":false},"featured_media":5824,"comment_status":"closed","ping_status":"closed","template":"","meta":[],"product_cat":[76],"product_tag":[],"_links":{"self":[{"href":"https:\/\/chakrashop.ro\/hu\/wp-json\/wp\/v2\/product\/5583"}],"collection":[{"href":"https:\/\/chakrashop.ro\/hu\/wp-json\/wp\/v2\/product"}],"about":[{"href":"https:\/\/chakrashop.ro\/hu\/wp-json\/wp\/v2\/types\/product"}],"replies":[{"embeddable":true,"href":"https:\/\/chakrashop.ro\/hu\/wp-json\/wp\/v2\/comments?post=5583"}],"wp:featuredmedia":[{"embeddable":true,"href":"https:\/\/chakrashop.ro\/hu\/wp-json\/wp\/v2\/media\/5824"}],"wp:attachment":[{"href":"https:\/\/chakrashop.ro\/hu\/wp-json\/wp\/v2\/media?parent=5583"}],"wp:term":[{"taxonomy":"product_cat","embeddable":true,"href":"https:\/\/chakrashop.ro\/hu\/wp-json\/wp\/v2\/product_cat?post=5583"},{"taxonomy":"product_tag","embeddable":true,"href":"https:\/\/chakrashop.ro\/hu\/wp-json\/wp\/v2\/product_tag?post=5583"}],"curies":[{"name":"wp","href":"https:\/\/api.w.org\/{rel}","templated":true}]}}