{"id":5584,"date":"2021-07-29T13:58:00","date_gmt":"2021-07-29T10:58:00","guid":{"rendered":"https:\/\/chakrashop.ro\/product\/5584\/"},"modified":"2023-09-19T14:29:39","modified_gmt":"2023-09-19T11:29:39","slug":"set-baie-ayurvedic-holy-lama","status":"publish","type":"product","link":"https:\/\/chakrashop.ro\/hu\/product\/set-baie-ayurvedic-holy-lama\/","title":{"rendered":"Set Baie Ayurvedic Holy Lama"},"content":{"rendered":"","protected":false},"excerpt":{"rendered":"<p>Set Baie Ayurvedic Holy Lama<br \/>Toate elementele esen\u021biale de r\u0103sf\u0103\u021b de care ave\u021bi nevoie pentru o baie de lux. Indulgen\u021b\u0103 la maxim.<br \/>Setul con\u021bine :<br \/>&#8211; 50g s\u0103pun yoghi<br \/>&#8211; 50ml ulei de masaj Revializant<br \/>&#8211; 20g pachet de fa\u021b\u0103 \u0219i corp natural<br \/>&#8211; 30ml ulei de baie Chaitanya<br \/>&#8211; 1 scrubber pentru r\u0103d\u0103cini vetivert<br \/> Natural &#8211; Durabil &#8211; Comer\u021b echitabil :<br \/>Produsele Holy Lama sunt fabricate preponderent din ingrediente naturale, evit\u00e2nd utilizarea substan\u021belor chimice dure sau a materialelor sintetice. Ori de c\u00e2te ori este posibil, folosim materiale durabile pentru ambalare. \u00cen timpul fabrica\u021biei, se produce mai pu\u021bin de 1% risip\u0103 \u0219i toate de\u0219eurile sunt folosite ca combustibil sau furaje pentru bovine, astfel amprenta noastr\u0103 de carbon este excep\u021bional de sc\u0103zut\u0103!<br \/>Materiile prime utilizate pentru fabricare provin \u00een principal de la fermierii locali din Kerala \u0219i din restul Indiei, baz\u00e2ndu-se pe peste \u0219apte decenii de rela\u021bii puternic stabilite cu fermierii. Afacerea se desf\u0103\u0219oar\u0103 pe un principiu f\u0103r\u0103 credit, ceea ce \u00eenseamn\u0103 c\u0103 to\u021bi fermierii \u0219i furnizorii de materii prime sunt pl\u0103ti\u021bi imediat. Fabrica pl\u0103te\u0219te salarii corecte personalului \u0219i pre\u021buri corecte agricultorilor.<br \/> \u00centreprinderea femeilor<br \/>Holy Lama Naturals este recunoscut\u0103 \u00een Kerala ca o \u00eentreprindere de femei aprobat\u0103 de guvern, unde peste 80% dintre lucr\u0103torii din fabric\u0103 sunt femei. Majoritatea provin din medii defavorizate (adic\u0103 v\u0103duve sau nec\u0103s\u0103torite).<br \/> Ingrediente<br \/>S\u0103pun yoghin :<br \/>INCI : cocoat de sodiu, ulei de semin\u021be de Melia azadirachta, ulei de Ocimum sanctum, ulei de Cymbopogon martini, ulei de r\u0103d\u0103cin\u0103 Vetiveria zizanoides, ulei de r\u0103d\u0103cin\u0103 Homalomena aromatica, ulei de floare de Cananga odorata, ulei de Lavendula anguistifolia, ulei de frunze de Pogostemon cablin, ulei de Citrus aurantium dulcis, ulei de Pelargonium graveol , Ulei de r\u0103d\u0103cin\u0103 Hydichium spicatum, Citronellol, Geraniol, Limonene, Linalool, Benzyl Benzoate, Benzyl alcohol, Eugenol.<br \/> Ulei de masaj revitalizant :<br \/>INCI : Ulei de semin\u021be Helianthus Annuus, Ulei de semin\u021be de Sesamum Indicum, Ulei de Cocos Nucifera, Ulei de Prunus Amygdalus Dulcis, Ulei de semin\u021be Simmondsia Chinensis, Tocoferol, Ulei de Cymbopogon Schoenanthus, Ulei de Citrus Limonum, Ulei de Citrus Aurantium Dulcis, Ulei de Citrus Bergamia , Citral<br \/> Pachet natural pentru fa\u021b\u0103 \u0219i corp:<br \/>INCI : Pulbere de r\u0103d\u0103cin\u0103 Vetiveria zizanoide, Pulbere de r\u0103d\u0103cin\u0103 Cyperuss rotundus, pulbere de Hydichium spicatum, pulbere de r\u0103d\u0103cin\u0103 Curcuma Aromatica, ulei de r\u0103d\u0103cin\u0103 Vetiveria Zizanoides, ulei de Citrus Aurantium Dulcis, ulei de flori Rosa Centifolia, Citral, Limonen, Eugenol, Citronellol, Geraniol.<br \/> Ulei de baie Chaitanya :<br \/>INCI : Ulei de ricin hidrogenat, Ulei Ocimum Sanctum, Ulei de fructe Citrus Limonum, Ulei de semin\u021be Anethum Graveolens, Linalool, Citral, Eugenol, Geraniol, Citronellol.<\/p>","protected":false},"featured_media":5825,"comment_status":"closed","ping_status":"closed","template":"","meta":[],"product_cat":[76],"product_tag":[],"_links":{"self":[{"href":"https:\/\/chakrashop.ro\/hu\/wp-json\/wp\/v2\/product\/5584"}],"collection":[{"href":"https:\/\/chakrashop.ro\/hu\/wp-json\/wp\/v2\/product"}],"about":[{"href":"https:\/\/chakrashop.ro\/hu\/wp-json\/wp\/v2\/types\/product"}],"replies":[{"embeddable":true,"href":"https:\/\/chakrashop.ro\/hu\/wp-json\/wp\/v2\/comments?post=5584"}],"wp:featuredmedia":[{"embeddable":true,"href":"https:\/\/chakrashop.ro\/hu\/wp-json\/wp\/v2\/media\/5825"}],"wp:attachment":[{"href":"https:\/\/chakrashop.ro\/hu\/wp-json\/wp\/v2\/media?parent=5584"}],"wp:term":[{"taxonomy":"product_cat","embeddable":true,"href":"https:\/\/chakrashop.ro\/hu\/wp-json\/wp\/v2\/product_cat?post=5584"},{"taxonomy":"product_tag","embeddable":true,"href":"https:\/\/chakrashop.ro\/hu\/wp-json\/wp\/v2\/product_tag?post=5584"}],"curies":[{"name":"wp","href":"https:\/\/api.w.org\/{rel}","templated":true}]}}