{"id":5585,"date":"2021-07-29T13:58:01","date_gmt":"2021-07-29T10:58:01","guid":{"rendered":"https:\/\/chakrashop.ro\/product\/5585\/"},"modified":"2023-09-19T14:29:26","modified_gmt":"2023-09-19T11:29:26","slug":"set-ayurvedic-holy-lama-pentru-calatorie","status":"publish","type":"product","link":"https:\/\/chakrashop.ro\/hu\/product\/set-ayurvedic-holy-lama-pentru-calatorie\/","title":{"rendered":"Set  Ayurvedic Holy Lama pentru C\u0103l\u0103torie"},"content":{"rendered":"","protected":false},"excerpt":{"rendered":"<p>Set  Ayurvedic Holy Lama pentru C\u0103l\u0103torie<br \/>The Holy Lama Travel Boon este perfect pentru c\u0103l\u0103torii, pentru a \u00eencerca unele dintre produsele Holy Lama sau ca set de cadouri. Ambalat \u00eentr-o hus\u0103 de c\u0103l\u0103torie ecologic\u0103 \u0219i durabil\u0103, realizat\u0103 manual din frunze de palmier.<br \/> Set de con\u021binut:<br \/>&#8211; 30ml Gel de du\u0219<br \/>&#8211; 30ml \u0218ampon<br \/>&#8211; 20g Balsam de p\u0103r<br \/>&#8211; 30ml Lo\u021biune de corp<br \/> Natural &#8211; Durabil &#8211; Comer\u021b echitabil<br \/>Produsele Holy Lama sunt fabricate preponderent din ingrediente naturale, evit\u00e2nd utilizarea substan\u021belor chimice dure sau a materialelor sintetice. Ori de c\u00e2te ori este posibil, folosim materiale durabile pentru ambalare. \u00cen timpul fabrica\u021biei, se produce mai pu\u021bin de 1% risip\u0103 \u0219i toate de\u0219eurile sunt folosite ca combustibil sau furaje pentru bovine, astfel amprenta noastr\u0103 de carbon este excep\u021bional de sc\u0103zut\u0103!<br \/>Materiile prime utilizate pentru fabricare provin \u00een principal de la fermierii locali din Kerala \u0219i din restul Indiei, baz\u00e2ndu-se pe peste \u0219apte decenii de rela\u021bii puternic stabilite cu fermierii. Afacerea se desf\u0103\u0219oar\u0103 pe un principiu f\u0103r\u0103 credit, ceea ce \u00eenseamn\u0103 c\u0103 to\u021bi fermierii \u0219i furnizorii de materii prime sunt pl\u0103ti\u021bi imediat. Fabrica pl\u0103te\u0219te salarii corecte personalului \u0219i pre\u021buri corecte agricultorilor.<br \/>\u00centreprinderea femeilor :<br \/>Holy Lama Naturals este recunoscut\u0103 \u00een Kerala ca o \u00eentreprindere de femei aprobat\u0103 de guvern, unde peste 80% dintre lucr\u0103torii din fabric\u0103 sunt femei. Majoritatea provin din medii defavorizate (adic\u0103 v\u0103duve sau nec\u0103s\u0103torite ).\/><\/p>","protected":false},"featured_media":5826,"comment_status":"closed","ping_status":"closed","template":"","meta":[],"product_cat":[76],"product_tag":[],"_links":{"self":[{"href":"https:\/\/chakrashop.ro\/hu\/wp-json\/wp\/v2\/product\/5585"}],"collection":[{"href":"https:\/\/chakrashop.ro\/hu\/wp-json\/wp\/v2\/product"}],"about":[{"href":"https:\/\/chakrashop.ro\/hu\/wp-json\/wp\/v2\/types\/product"}],"replies":[{"embeddable":true,"href":"https:\/\/chakrashop.ro\/hu\/wp-json\/wp\/v2\/comments?post=5585"}],"wp:featuredmedia":[{"embeddable":true,"href":"https:\/\/chakrashop.ro\/hu\/wp-json\/wp\/v2\/media\/5826"}],"wp:attachment":[{"href":"https:\/\/chakrashop.ro\/hu\/wp-json\/wp\/v2\/media?parent=5585"}],"wp:term":[{"taxonomy":"product_cat","embeddable":true,"href":"https:\/\/chakrashop.ro\/hu\/wp-json\/wp\/v2\/product_cat?post=5585"},{"taxonomy":"product_tag","embeddable":true,"href":"https:\/\/chakrashop.ro\/hu\/wp-json\/wp\/v2\/product_tag?post=5585"}],"curies":[{"name":"wp","href":"https:\/\/api.w.org\/{rel}","templated":true}]}}