{"id":5586,"date":"2021-07-29T13:58:03","date_gmt":"2021-07-29T10:58:03","guid":{"rendered":"https:\/\/chakrashop.ro\/product\/5586\/"},"modified":"2021-07-29T13:58:03","modified_gmt":"2021-07-29T10:58:03","slug":"anas-crystal-quartz-gel-de-dus","status":"publish","type":"product","link":"https:\/\/chakrashop.ro\/hu\/product\/anas-crystal-quartz-gel-de-dus\/","title":{"rendered":"ANAS Crystal Quartz Gel de Du\u0219"},"content":{"rendered":"","protected":false},"excerpt":{"rendered":"<p>Gel de du\u0219 ANAS Crystal Quartz<br \/>Gelul de du\u0219 ANAS este r\u0103coritor \u0219i hidratant \u00een acela\u0219i timp, echilibr\u00e2nd pH-ul natural al pielii \u0219i cur\u0103\u021b\u00e2nd f\u0103r\u0103 a elimina uleiurile naturale ale pielii. El eman\u0103 un parfum bogat, lemnos \u0219i picant, pe mai multe niveluri, oferind o senza\u021bie proasp\u0103t\u0103.<br \/>Gelul de du\u0219 ANAS con\u021bine o bucat\u0103 activat\u0103 de cristal de cuar\u021b \u00een nucleul s\u0103u care produce \u00een mod constant o for\u021b\u0103 de echilibrare a ionilor pozitivi care diminueaz\u0103 efectele nocive ale radia\u021biilor \u0219i armonizeaz\u0103 \u00eenc\u0103rc\u0103tura electric\u0103 a corpului, l\u0103s\u00e2ndu-l suplu, \u00eentinerit \u0219i f\u0103r\u0103 stres.<br \/>Ambalaj : Recipient de plastic albastru transparent \u00een form\u0103 de cristal, \u00eentr-o cutie de carton de design premiat\u0103. <br \/>Specifica\u021biile produsului :<br \/>Gel de dus ANAS unisex 100 ml.<br \/>Potrivit pentru toate tipurile de piele.<br \/>F\u0103r\u0103 cruzime \u00eempotriva animalelor.<br \/>F\u0103r\u0103 culori sintetice, sulfa\u021bi \u0219i parabeni.<br \/>Cum se folose\u0219te<br \/>Spuma\u021bi pe piele c\u00e2nd face\u021bi du\u0219, cl\u0103ti\u021bi. Utiliza\u021bi c\u00e2t de des dori\u021bi.<br \/>Prefera\u021bi s\u0103 face\u021bi du\u0219 cu ap\u0103 nu prea fierbinte, care v\u0103 poate irita pielea.<br \/>ANAS combin\u0103 \u0218tiin\u021ba cu calit\u0103\u021bile ingredientelor naturale unice pentru a crea un gel de du\u0219 ca nimeni altul. Cercetate temeinic pentru propriet\u0103\u021bile lor, ve\u021bi experimenta un pachet de elemente \u00eentr-un singur produs.<br \/>Un cristal de cuar\u021b din Madagascar activeaz\u0103 \u00een mod constant gelul de du\u0219 de fiecare dat\u0103 c\u00e2nd \u00eel utiliza\u021bi, echilibr\u00e2nd \u0219i armoniz\u00e2nd \u00eenc\u0103rc\u0103tura electric\u0103 a corpului dumneavoastr\u0103.<br \/>Apa termo-vulcanic\u0103 din regiunea Auvergne din Fran\u021ba, bogat\u0103 \u00een silice, secretul pielii tinere, purific\u0103, restructureaz\u0103 \u0219i hidrateaz\u0103 pielea.<br \/>Surfactan\u021bii u\u0219ori ofer\u0103 un efect de spumare excelent, cu o cur\u0103\u021bare eficient\u0103, f\u0103r\u0103 a fi dur pe piele.<br \/>Betaina, un aminoacid natural extras din sfecl\u0103 ro\u0219ie, face parte din factorul nostru natural de hidratare (NMF). Ac\u021bioneaz\u0103 ca un osmolit \u0219i hidrotop, coordon\u00e2nd fluxul de ap\u0103 \u00een celulele vii \u0219i protejeaz\u0103 proteinele pielii de denaturare, men\u021bin\u00e2nd pielea supl\u0103 \u0219i proasp\u0103t\u0103.<br \/>Aloe Vera calmeaz\u0103 \u0219i re\u00eemprosp\u0103teaz\u0103.<br \/>Ingrediente :<br \/>Aqua, Coco-Betain\u0103, Coco-Glucozid\u0103, Decil Glucozid\u0103, Lauril Sulfosuccinat Disodic, Betain\u0103, Parfum, S\u0103ruri Minerale, Suc de Frunze de Aloe Vera Barbadensis, Glicerin\u0103, Gum\u0103 Xantan, Pulbere de Cuar\u021b, Gluconat de sodiu, Alcool benzilic, Benzoat de sodiu, Potasiu Acid lactic, Hexyl Cinnamal, Limonene, Linalool.<br \/> Produs cu grij\u0103 pentru mama natur\u0103 :<br \/>Natura este de unde vine totul, iar vindecarea noastr\u0103 ar trebui s\u0103 vin\u0103 \u0219i de acolo. ANAS respect\u0103 mediul \u00eenconjur\u0103tor \u0219i Mama P\u0103m\u00e2nt. Nu numai c\u0103 utilizeaz\u0103 ingrediente naturale \u0219i procese naturale, dar ANAS d\u0103 \u00eenapoi Naturii prin donarea a 7% din profiturile lor pentru cauze de mediu prin intermediul ONG-urilor de \u00eencredere. ANAS \u00eembr\u0103\u021bi\u0219eaz\u0103 P\u0103m\u00e2ntul \u0219i darurile pe care trebuie s\u0103 le ofere \u0219i respinge toate substan\u021bele chimice d\u0103un\u0103toare, aditivii, contaminan\u021bii \u0219i conservan\u021bii.<br \/>Produsele ANAS Crystalcare pentru piele nu numai c\u0103 ofer\u0103 echilibru, energie pozitiv\u0103 \u0219i armonie min\u021bii, corpului \u0219i sufletului; sunt, de asemenea, o pies\u0103 de art\u0103 \u00een spa\u021biul t\u0103u, ridic\u00e2ndu-\u021bi starea de spirit prin frumuse\u021bea sa estetic\u0103.<\/p>","protected":false},"featured_media":3168,"comment_status":"closed","ping_status":"open","template":"","meta":[],"product_cat":[76],"product_tag":[],"_links":{"self":[{"href":"https:\/\/chakrashop.ro\/hu\/wp-json\/wp\/v2\/product\/5586"}],"collection":[{"href":"https:\/\/chakrashop.ro\/hu\/wp-json\/wp\/v2\/product"}],"about":[{"href":"https:\/\/chakrashop.ro\/hu\/wp-json\/wp\/v2\/types\/product"}],"replies":[{"embeddable":true,"href":"https:\/\/chakrashop.ro\/hu\/wp-json\/wp\/v2\/comments?post=5586"}],"wp:featuredmedia":[{"embeddable":true,"href":"https:\/\/chakrashop.ro\/hu\/wp-json\/wp\/v2\/media\/3168"}],"wp:attachment":[{"href":"https:\/\/chakrashop.ro\/hu\/wp-json\/wp\/v2\/media?parent=5586"}],"wp:term":[{"taxonomy":"product_cat","embeddable":true,"href":"https:\/\/chakrashop.ro\/hu\/wp-json\/wp\/v2\/product_cat?post=5586"},{"taxonomy":"product_tag","embeddable":true,"href":"https:\/\/chakrashop.ro\/hu\/wp-json\/wp\/v2\/product_tag?post=5586"}],"curies":[{"name":"wp","href":"https:\/\/api.w.org\/{rel}","templated":true}]}}