{"id":5587,"date":"2021-07-29T13:58:03","date_gmt":"2021-07-29T10:58:03","guid":{"rendered":"https:\/\/chakrashop.ro\/product\/5587\/"},"modified":"2021-07-29T13:58:04","modified_gmt":"2021-07-29T10:58:04","slug":"anas-crystal-quartz-lapte-corp","status":"publish","type":"product","link":"https:\/\/chakrashop.ro\/hu\/product\/anas-crystal-quartz-lapte-corp\/","title":{"rendered":"ANAS Crystal Quartz Lapte Corp"},"content":{"rendered":"","protected":false},"excerpt":{"rendered":"<p>ANAS Crystal Quartz Lapte de corp<br \/>Hr\u0103ne\u0219te-\u021bi pielea cu acest lapte corporal cremos, premium, cu o formul\u0103 natural\u0103 bogat\u0103, care \u00eembun\u0103t\u0103\u021be\u0219te textura pielii \u0219i ajut\u0103 la men\u021binerea unui aspect t\u00e2n\u0103r. Se absoarbe u\u0219or, l\u0103s\u00e2nd pielea hidratat\u0103 \u0219i parfumat\u0103 cu un parfum proasp\u0103t, lemnos \u0219i picant.<br \/>ANAS Body Milk con\u021bine o bucat\u0103 activat\u0103 de cristal de cuar\u021b \u00een nucleul s\u0103u care produce \u00een mod constant o for\u021b\u0103 de echilibrare a ionilor pozitivi care diminueaz\u0103 efectele nocive ale radia\u021biilor \u0219i armonizeaz\u0103 \u00eenc\u0103rc\u0103tura electric\u0103 a corpului, l\u0103s\u00e2ndu-l suplu, \u00eentinerit \u0219i f\u0103r\u0103 stres.<br \/>Ambalaj : Recipient de plastic albastru \u00een form\u0103 de cristal, \u00eentr-o cutie de carton de design premiat\u0103.<br \/>Specificul produsului<br \/>Lapte de corp ANAS unisex 100 ml.<br \/>Potrivit pentru toate tipurile de piele.<br \/>F\u0103r\u0103 cruzime \u00eempotriva animalelor.<br \/>F\u0103r\u0103 culori sintetice, sulfa\u021bi \u0219i parabeni.<br \/>Mod de utilizare :<br \/>Utiliza\u021bi ori de c\u00e2te ori ave\u021bi nevoie. Mai ales dup\u0103 ce ai f\u0103cut du\u0219, c\u00e2nd porii t\u0103i sunt cur\u0103\u021ba\u021bi \u0219i deschi\u0219i.<br \/>Anas combin\u0103 \u0218tiin\u021ba cu calit\u0103\u021bile ingredientelor naturale unice \u0219i pre\u021bioase pentru a crea un lapte de corp ca nimeni altul; un lapte corporal u\u0219or, f\u0103r\u0103 conservan\u021bi, profund hr\u0103nitor.<br \/>Un cristal de cuar\u021b din Madagascar activeaz\u0103 \u00een mod constant laptele din corp de fiecare dat\u0103 c\u00e2nd \u00eel utiliza\u021bi, echilibr\u00e2nd \u0219i armoniz\u00e2nd \u00eenc\u0103rc\u0103tura electric\u0103 a corpului dvs. Cristalul calmeaz\u0103, echilibreaz\u0103 \u0219i revigoreaz\u0103.<br \/>Apa termo-vulcanic\u0103 din regiunea Auvergne din Fran\u021ba, bogat\u0103 \u00een silice, secretul pielii tinere, purific\u0103, restructureaz\u0103 \u0219i hidrateaz\u0103 pielea.<br \/>Introducerea tehnologiei translucidit\u0103\u021bii: o combina\u021bie de hidrogel \u0219i formul\u0103 de emulsie care duce la o textur\u0103 cristalin\u0103 mai translucid\u0103, care permite, de asemenea, cristalului de cuar\u021b din interior s\u0103 fie aproape vizibil pe m\u0103sur\u0103 ce produsul este consumat.<br \/>Betaina, un aminoacid natural extras din sfecl\u0103 ro\u0219ie, face parte din factorul nostru natural de hidratare (NMF). Ac\u021bioneaz\u0103 ca un osmolit \u0219i hidrotop, coordon\u00e2nd fluxul de ap\u0103 \u00een celulele vii \u0219i protejeaz\u0103 proteinele pielii de denaturare, men\u021bin\u00e2nd pielea supl\u0103 \u0219i proasp\u0103t\u0103.<br \/>Uleiul de avocado, bogat \u00een vitaminele A, E \u0219i D, hr\u0103ne\u0219te profund \u0219i hidrateaz\u0103 diferite straturi ale pielii, l\u0103s\u00e2nd pielea neted\u0103 \u0219i relaxat\u0103.<br \/>Uleiul Virgin Prunus con\u021bine 70% acid oleic \u0219i 20% acid linoleic care apar\u021bin familiei Omega-6. Acesta con\u021bine de 3 ori mai mult tocoferol dec\u00e2t uleiul de m\u0103sline, oferind un efect antioxidant excelent \u0219i protejeaz\u0103 pielea de agresiunile externe pentru un efect neted \u0219i m\u0103t\u0103sos.<br \/>Ingrediente :<br \/>Aqua, Betain\u0103, Pentilenglicol, Caprilat \/ Caprat de Coco, Alcool cetearilic, Carbonat de dicaprilil, Caprilat de propilheptil, Ulei de fructe Persea Gratissima (Avocado), Extract de semin\u021be Prunus Domestica (Prun\u0103), Glicerin\u0103, Gum\u0103 de xantan, Pulbere de cuar\u021b, S\u0103ruri minerale, Sodiu Glutamat, etilhexilglicerin\u0103, benzoat de sodiu, sorbat de potasiu, acid lactic, parfum, cinamal, eugenol, hexil cinamal, limonen, Linalool.<br \/> Produs cu grij\u0103 pentru mama natur\u0103 :<br \/>Natura este de unde vine totul, iar vindecarea noastr\u0103 ar trebui s\u0103 vin\u0103 \u0219i de acolo. ANAS respect\u0103 mediul \u00eenconjur\u0103tor \u0219i<\/p>","protected":false},"featured_media":3169,"comment_status":"closed","ping_status":"open","template":"","meta":[],"product_cat":[76],"product_tag":[],"_links":{"self":[{"href":"https:\/\/chakrashop.ro\/hu\/wp-json\/wp\/v2\/product\/5587"}],"collection":[{"href":"https:\/\/chakrashop.ro\/hu\/wp-json\/wp\/v2\/product"}],"about":[{"href":"https:\/\/chakrashop.ro\/hu\/wp-json\/wp\/v2\/types\/product"}],"replies":[{"embeddable":true,"href":"https:\/\/chakrashop.ro\/hu\/wp-json\/wp\/v2\/comments?post=5587"}],"wp:featuredmedia":[{"embeddable":true,"href":"https:\/\/chakrashop.ro\/hu\/wp-json\/wp\/v2\/media\/3169"}],"wp:attachment":[{"href":"https:\/\/chakrashop.ro\/hu\/wp-json\/wp\/v2\/media?parent=5587"}],"wp:term":[{"taxonomy":"product_cat","embeddable":true,"href":"https:\/\/chakrashop.ro\/hu\/wp-json\/wp\/v2\/product_cat?post=5587"},{"taxonomy":"product_tag","embeddable":true,"href":"https:\/\/chakrashop.ro\/hu\/wp-json\/wp\/v2\/product_tag?post=5587"}],"curies":[{"name":"wp","href":"https:\/\/api.w.org\/{rel}","templated":true}]}}