{"id":5588,"date":"2021-07-29T13:58:04","date_gmt":"2021-07-29T10:58:04","guid":{"rendered":"https:\/\/chakrashop.ro\/product\/5588\/"},"modified":"2021-07-29T13:58:04","modified_gmt":"2021-07-29T10:58:04","slug":"anas-crystal-quartz-set-cadou","status":"publish","type":"product","link":"https:\/\/chakrashop.ro\/hu\/product\/anas-crystal-quartz-set-cadou\/","title":{"rendered":"ANAS Crystal Quartz Set Cadou"},"content":{"rendered":"","protected":false},"excerpt":{"rendered":"<p>Cutie cadou ANAS Crystal Quartz<br \/>R\u0103sf\u0103\u021ba\u021bi-i pe cei dragi cu o experien\u021b\u0103 de \u00eengrijire premium. Oferi\u021bi-le lor sau dvs. \u00een\u0219iv\u0103 darul echilibrului natural \u0219i al vibra\u021biilor pozitive.<br \/>Aceste 4 produse sunt modalitatea perfect\u0103 de a v\u0103 preda complet \u00eengrijirii delicioase ANAS. Gelul de du\u0219 ANAS, laptele de corp \u0219i cea\u021ba de corp pot fi utilizate complementar unul cu cel\u0103lalt, oferind o senza\u021bie de spa la rutina de \u00eengrijire de zi cu zi. Crema de m\u00e2ini hr\u0103nitoare \u0219i protectoare va trata m\u00e2inile cum merit\u0103, l\u0103s\u00e2ndu-le moi \u0219i netede.<br \/>Toate produsele confer\u0103 un parfum lemnos, picant \u0219i con\u021bin o bucat\u0103 \u00eentreag\u0103 de cristal de cuar\u021b \u00een miezul lor, activat la fiecare utilizare, ap\u0103 termo-vulcanic\u0103 \u0219i alte ingrediente naturale, care trateaz\u0103 corpul, mintea \u0219i sufletul cu respect.<br \/>Ambalare : Recipiente de plastic \u00een form\u0103 de cristal \u00eentr-o cutie de cadou din carton. <br \/>Specifica\u021biile produsului :<br \/>ANAS Gel de du\u0219 100 ml, unisex<br \/>ANAS Lapte de corp 100 ml, unisex<br \/>ANAS Body Mist 100 ml, unisex<br \/>ANAS Crem\u0103 de m\u00e2ini 100 ml, unisex<br \/>Potrivit pentru toate tipurile de piele.<br \/>F\u0103r\u0103 cruzime \u00eempotriva animalelor.<br \/>F\u0103r\u0103 culori sintetice, sulfa\u021bi \u0219i parabeni.<br \/>Produs cu grij\u0103 pentru mama natur\u0103.<br \/>Natura este de unde vine totul, iar vindecarea noastr\u0103 ar trebui s\u0103 vin\u0103 \u0219i de acolo. ANAS respect\u0103 mediul \u00eenconjur\u0103tor \u0219i Mama P\u0103m\u00e2nt. Nu numai c\u0103 utilizeaz\u0103 ingrediente naturale \u0219i procese naturale, dar ANAS d\u0103 \u00eenapoi Naturii prin donarea a 7% din profiturile lor pentru cauze de mediu prin intermediul ONG-urilor de \u00eencredere. ANAS \u00eembr\u0103\u021bi\u0219eaz\u0103 P\u0103m\u00e2ntul \u0219i darurile pe care trebuie s\u0103 le ofere \u0219i respinge toate substan\u021bele chimice d\u0103un\u0103toare, aditivii, contaminan\u021bii \u0219i conservan\u021bii.<br \/>Produsele ANAS Crystalcare pentru piele nu numai c\u0103 ofer\u0103 echilibru, energie pozitiv\u0103 \u0219i armonie min\u021bii, corpului \u0219i sufletului; sunt, de asemenea, o pies\u0103 de art\u0103 \u00een spa\u021biul t\u0103u, ridic\u00e2ndu-\u021bi starea de spirit prin frumuse\u021bea sa estetic\u0103.<\/p>","protected":false},"featured_media":3170,"comment_status":"closed","ping_status":"open","template":"","meta":[],"product_cat":[76],"product_tag":[],"_links":{"self":[{"href":"https:\/\/chakrashop.ro\/hu\/wp-json\/wp\/v2\/product\/5588"}],"collection":[{"href":"https:\/\/chakrashop.ro\/hu\/wp-json\/wp\/v2\/product"}],"about":[{"href":"https:\/\/chakrashop.ro\/hu\/wp-json\/wp\/v2\/types\/product"}],"replies":[{"embeddable":true,"href":"https:\/\/chakrashop.ro\/hu\/wp-json\/wp\/v2\/comments?post=5588"}],"wp:featuredmedia":[{"embeddable":true,"href":"https:\/\/chakrashop.ro\/hu\/wp-json\/wp\/v2\/media\/3170"}],"wp:attachment":[{"href":"https:\/\/chakrashop.ro\/hu\/wp-json\/wp\/v2\/media?parent=5588"}],"wp:term":[{"taxonomy":"product_cat","embeddable":true,"href":"https:\/\/chakrashop.ro\/hu\/wp-json\/wp\/v2\/product_cat?post=5588"},{"taxonomy":"product_tag","embeddable":true,"href":"https:\/\/chakrashop.ro\/hu\/wp-json\/wp\/v2\/product_tag?post=5588"}],"curies":[{"name":"wp","href":"https:\/\/api.w.org\/{rel}","templated":true}]}}