{"id":5591,"date":"2021-07-29T13:58:06","date_gmt":"2021-07-29T10:58:06","guid":{"rendered":"https:\/\/chakrashop.ro\/product\/5591\/"},"modified":"2021-07-29T13:58:06","modified_gmt":"2021-07-29T10:58:06","slug":"deo-alum-stone","status":"publish","type":"product","link":"https:\/\/chakrashop.ro\/hu\/product\/deo-alum-stone\/","title":{"rendered":"Deo Alum Stone"},"content":{"rendered":"","protected":false},"excerpt":{"rendered":"<p>Deo Alum Stone<br \/>Utilizare : Dup\u0103 baie, uda\u021bi blocul de alum \u0219i aplica\u021bi-l pe zona afectat\u0103, adic\u0103 dup\u0103 ras, epilare. Sau folosi\u021bi ca deodorant. Cl\u0103ti\u021bi dup\u0103 utilizare.<br \/>Compozi\u021bie : Alum de potasiu.<br \/>Vine cu cutie de plastic.<br \/>Greutate : 90gr<\/p>","protected":false},"featured_media":5828,"comment_status":"closed","ping_status":"open","template":"","meta":[],"product_cat":[76],"product_tag":[],"_links":{"self":[{"href":"https:\/\/chakrashop.ro\/hu\/wp-json\/wp\/v2\/product\/5591"}],"collection":[{"href":"https:\/\/chakrashop.ro\/hu\/wp-json\/wp\/v2\/product"}],"about":[{"href":"https:\/\/chakrashop.ro\/hu\/wp-json\/wp\/v2\/types\/product"}],"replies":[{"embeddable":true,"href":"https:\/\/chakrashop.ro\/hu\/wp-json\/wp\/v2\/comments?post=5591"}],"wp:featuredmedia":[{"embeddable":true,"href":"https:\/\/chakrashop.ro\/hu\/wp-json\/wp\/v2\/media\/5828"}],"wp:attachment":[{"href":"https:\/\/chakrashop.ro\/hu\/wp-json\/wp\/v2\/media?parent=5591"}],"wp:term":[{"taxonomy":"product_cat","embeddable":true,"href":"https:\/\/chakrashop.ro\/hu\/wp-json\/wp\/v2\/product_cat?post=5591"},{"taxonomy":"product_tag","embeddable":true,"href":"https:\/\/chakrashop.ro\/hu\/wp-json\/wp\/v2\/product_tag?post=5591"}],"curies":[{"name":"wp","href":"https:\/\/api.w.org\/{rel}","templated":true}]}}