{"id":5592,"date":"2021-07-29T13:58:08","date_gmt":"2021-07-29T10:58:08","guid":{"rendered":"https:\/\/chakrashop.ro\/product\/5592\/"},"modified":"2023-07-25T10:34:23","modified_gmt":"2023-07-25T07:34:23","slug":"neti-pot-ceramica","status":"publish","type":"product","link":"https:\/\/chakrashop.ro\/hu\/product\/neti-pot-ceramica\/","title":{"rendered":"Neti Pot Ceramic\u0103"},"content":{"rendered":"","protected":false},"excerpt":{"rendered":"<p>Neti Pot Ceramic<br \/>Utilizarea vasului Neti este un mod simplu \u0219i eficient de a v\u0103 cur\u0103\u021ba nasul \u0219i cavit\u0103\u021bile. \u00cen tradi\u021biile ayurvedice, cur\u0103\u021barea nasului se nume\u0219te Jala neti \u0219i face parte din rutina lor zilnic\u0103 de \u00eengrijire a corpului.<br \/>Cur\u0103\u021barea sinusurilor \u00een acest mod poate ajuta la ameliorarea simptomelor de r\u0103ceal\u0103, grip\u0103, infec\u021bie a sinusurilor, usc\u0103ciune nazal\u0103, alergii \u0219i alte irita\u021bii ale sinusurilor. Este u\u0219or de utilizat \u0219i necesit\u0103 doar 3 p\u00e2n\u0103 la 5 minute din timpul dvs.<br \/>Material : ceramic\u0103<br \/>Con\u021binut : 150ml<br \/>Dimensiune : 175 x 70 mm<br \/>Include manual de instruc\u021biuni \u00een englez\u0103, olandez\u0103, german\u0103, italian\u0103, francez\u0103.<\/p>","protected":false},"featured_media":5829,"comment_status":"closed","ping_status":"closed","template":"","meta":[],"product_cat":[76],"product_tag":[],"_links":{"self":[{"href":"https:\/\/chakrashop.ro\/hu\/wp-json\/wp\/v2\/product\/5592"}],"collection":[{"href":"https:\/\/chakrashop.ro\/hu\/wp-json\/wp\/v2\/product"}],"about":[{"href":"https:\/\/chakrashop.ro\/hu\/wp-json\/wp\/v2\/types\/product"}],"replies":[{"embeddable":true,"href":"https:\/\/chakrashop.ro\/hu\/wp-json\/wp\/v2\/comments?post=5592"}],"wp:featuredmedia":[{"embeddable":true,"href":"https:\/\/chakrashop.ro\/hu\/wp-json\/wp\/v2\/media\/5829"}],"wp:attachment":[{"href":"https:\/\/chakrashop.ro\/hu\/wp-json\/wp\/v2\/media?parent=5592"}],"wp:term":[{"taxonomy":"product_cat","embeddable":true,"href":"https:\/\/chakrashop.ro\/hu\/wp-json\/wp\/v2\/product_cat?post=5592"},{"taxonomy":"product_tag","embeddable":true,"href":"https:\/\/chakrashop.ro\/hu\/wp-json\/wp\/v2\/product_tag?post=5592"}],"curies":[{"name":"wp","href":"https:\/\/api.w.org\/{rel}","templated":true}]}}