{"id":5593,"date":"2021-07-29T13:58:09","date_gmt":"2021-07-29T10:58:09","guid":{"rendered":"https:\/\/chakrashop.ro\/product\/5593\/"},"modified":"2021-07-29T13:58:09","modified_gmt":"2021-07-29T10:58:09","slug":"gua-sha-crystal-de-stanca-pentru-masaj","status":"publish","type":"product","link":"https:\/\/chakrashop.ro\/hu\/product\/gua-sha-crystal-de-stanca-pentru-masaj\/","title":{"rendered":"Gua Sha Crystal de St\u00e2nc\u0103 pentru Masaj"},"content":{"rendered":"","protected":false},"excerpt":{"rendered":"<p>Gua Sha Cristal de st\u00e2nc\u0103  pentru masaj<br \/>Gua Sha este o tehnic\u0103 antic\u0103 de vindecare chinez\u0103 care ofer\u0103 o modalitate natural\u0103 de a v\u0103 \u00eembun\u0103t\u0103\u021bi s\u0103n\u0103tatea. Folosi\u021bi piatra Gua Sha pentru a masa fa\u021ba, umerii, bra\u021bele sau picioarele. Acesta va \u00eembun\u0103t\u0103\u021bi circula\u021bia s\u00e2ngelui pielii \u0219i v\u0103 va curge chi-ul. Drept urmare, toxinele se elibereaz\u0103, neregularit\u0103\u021bile se diminueaz\u0103, iar pielea \u00ee\u021bi va recupera str\u0103lucirea natural\u0103 s\u0103n\u0103toas\u0103.<br \/>Specifica\u021biile produsului :<br \/>Dimensiune : 80 mm<br \/>Cuar\u021b clar ( cristal de piatr\u0103 )<br \/>Ambalaj : Cutie de carton alb\u0103.<br \/>Not\u0103 : Culoarea \u0219i forma pietrei pot varia \u0219i pot fi oarecum diferite de imaginea prezentat\u0103.<br \/>Mod de utilizare :<br \/>R\u0103zuie\u0219te pielea folosind mi\u0219c\u0103ri scurte \u0219i lungi spre punctele de drenaj limfatic ale corpului \u0219i \/ sau de-a lungul mu\u0219chilor.<br \/>R\u0103zuirea poate provoca ro\u0219ea\u021b\u0103 \/ v\u00e2n\u0103t\u0103i la nivelul pielii, aceasta este o reac\u021bie natural\u0103 care se va recupera \u00een 24 &#8211; 72 de ore.<\/p>","protected":false},"featured_media":5830,"comment_status":"closed","ping_status":"open","template":"","meta":[],"product_cat":[76],"product_tag":[],"_links":{"self":[{"href":"https:\/\/chakrashop.ro\/hu\/wp-json\/wp\/v2\/product\/5593"}],"collection":[{"href":"https:\/\/chakrashop.ro\/hu\/wp-json\/wp\/v2\/product"}],"about":[{"href":"https:\/\/chakrashop.ro\/hu\/wp-json\/wp\/v2\/types\/product"}],"replies":[{"embeddable":true,"href":"https:\/\/chakrashop.ro\/hu\/wp-json\/wp\/v2\/comments?post=5593"}],"wp:featuredmedia":[{"embeddable":true,"href":"https:\/\/chakrashop.ro\/hu\/wp-json\/wp\/v2\/media\/5830"}],"wp:attachment":[{"href":"https:\/\/chakrashop.ro\/hu\/wp-json\/wp\/v2\/media?parent=5593"}],"wp:term":[{"taxonomy":"product_cat","embeddable":true,"href":"https:\/\/chakrashop.ro\/hu\/wp-json\/wp\/v2\/product_cat?post=5593"},{"taxonomy":"product_tag","embeddable":true,"href":"https:\/\/chakrashop.ro\/hu\/wp-json\/wp\/v2\/product_tag?post=5593"}],"curies":[{"name":"wp","href":"https:\/\/api.w.org\/{rel}","templated":true}]}}