{"id":5596,"date":"2021-07-29T13:58:13","date_gmt":"2021-07-29T10:58:13","guid":{"rendered":"https:\/\/chakrashop.ro\/product\/5596\/"},"modified":"2021-07-29T13:58:13","modified_gmt":"2021-07-29T10:58:13","slug":"rola-masaj-cuart-roz","status":"publish","type":"product","link":"https:\/\/chakrashop.ro\/hu\/product\/rola-masaj-cuart-roz\/","title":{"rendered":"Rol\u0103 Masaj Cuart Roz"},"content":{"rendered":"","protected":false},"excerpt":{"rendered":"<p>Rol\u0103 de masaj cuar\u021b roz<br utilizarea rolelor de masaj pentru fa\u021b\u0103 dateaz\u0103 din cele mai vechi timpuri china, unde se \u0219tie c\u0103 este un instrument vindecare mult timp. aplica\u021bi automat drenaj limfatic utiliz\u00e2nd aceast\u0103 rol\u0103 facial timp doar 10 minute. va \u00eembun\u0103t\u0103\u021bi circula\u021bia s\u00e2ngelui fe\u021bei \u0219i chi; diminueaz\u0103 ridurile previne b\u0103rbia dubl\u0103. u\u0219or rapid, a integra \u00een rutina zilnic\u0103 sau ca tratament r\u0103sf\u0103\u021b o dat\u0103 pe s\u0103pt\u0103m\u00e2n\u0103.<br \/>Specifica\u021biile produsului :<br \/>Cuar\u021b Roz : Ging\u0103\u0219ie \u0219i (auto) iubire.<br \/>Culoare metal : aur galben.<br \/>Ambalaj : Cutie de carton alb\u0103.<br \/>Dimensiune : 140 mm<br \/>Not\u0103 : Culoarea pietrei poate varia \u00een mod natural \u0219i poate fi oarecum diferit\u0103 de imaginea prezentat\u0103.<br \/>Cum se folose\u0219te<br \/>Freca\u021bi u\u0219or fruntea, obrajii, spr\u00e2ncenele, maxilarul, buzele \u0219i g\u00e2tul, cu mi\u0219c\u0103ri largi spre punctele de drenaj limfatic. Folosi\u021bi, de asemenea, cap\u0103tul mai mic al rolei, pentru a ajunge bine la fiecare parte a fe\u021bei, de asemenea sub ochi.<\/p>","protected":false},"featured_media":5833,"comment_status":"closed","ping_status":"open","template":"","meta":[],"product_cat":[76],"product_tag":[],"_links":{"self":[{"href":"https:\/\/chakrashop.ro\/hu\/wp-json\/wp\/v2\/product\/5596"}],"collection":[{"href":"https:\/\/chakrashop.ro\/hu\/wp-json\/wp\/v2\/product"}],"about":[{"href":"https:\/\/chakrashop.ro\/hu\/wp-json\/wp\/v2\/types\/product"}],"replies":[{"embeddable":true,"href":"https:\/\/chakrashop.ro\/hu\/wp-json\/wp\/v2\/comments?post=5596"}],"wp:featuredmedia":[{"embeddable":true,"href":"https:\/\/chakrashop.ro\/hu\/wp-json\/wp\/v2\/media\/5833"}],"wp:attachment":[{"href":"https:\/\/chakrashop.ro\/hu\/wp-json\/wp\/v2\/media?parent=5596"}],"wp:term":[{"taxonomy":"product_cat","embeddable":true,"href":"https:\/\/chakrashop.ro\/hu\/wp-json\/wp\/v2\/product_cat?post=5596"},{"taxonomy":"product_tag","embeddable":true,"href":"https:\/\/chakrashop.ro\/hu\/wp-json\/wp\/v2\/product_tag?post=5596"}],"curies":[{"name":"wp","href":"https:\/\/api.w.org\/{rel}","templated":true}]}}