{"id":5598,"date":"2021-07-29T13:58:14","date_gmt":"2021-07-29T10:58:14","guid":{"rendered":"https:\/\/chakrashop.ro\/product\/5598\/"},"modified":"2023-09-19T14:29:06","modified_gmt":"2023-09-19T11:29:06","slug":"kansa-wands-set-professinal-ayurvedic-pentru-masaj","status":"publish","type":"product","link":"https:\/\/chakrashop.ro\/hu\/product\/kansa-wands-set-professinal-ayurvedic-pentru-masaj\/","title":{"rendered":"Kansa Wands Set Professinal Ayurvedic pentru Masaj"},"content":{"rendered":"","protected":false},"excerpt":{"rendered":"<p>Set de masaj ayurvedic Kansa Wands<br acest set con\u021bine cele 4 baghete ayurvedic kansa originale : pentru masaj la picioare, corporal, facial \u0219i meridian.<br \/>Ambalare : Cutie cadou elegant\u0103, albastru \u00eenchis, cu bro\u0219ur\u0103 \u00een 6 limbi.<br \/>Specifica\u021biile produsului :<br \/>Instrumentele Kansa sunt fabricate dintr-un amestec de metale, \u00een principal cupru \u0219i staniu. Aceast\u0103 combina\u021bie se nume\u0219te bronz \u00een Occident \u0219i Kansa \u00een India. M\u00e2nerele sunt realizate din lemn durabil, de calitate, pentru o atingere mai bl\u00e2nd\u0103, permi\u021b\u00e2ndu-v\u0103 s\u0103 fi\u021bi mai precis \u0219i mai eficient.<br \/>&#8211; Baghet\u0103 de masaj pentru picioare Kansa (\u00b1 13,5 x 6,5 cm), pentru relaxarea picioarelor sau ca instrument pentru reflexoterapie.<br \/>&#8211; Baghet\u0103 de masaj Kansa (\u00b1 12 x 4,5 cm), pentru o frumuse\u021be instantanee \u0219i \u00eentinerirea fe\u021bei.<br \/>&#8211; Baghet\u0103 de masaj Kansa (\u00b1 18 x 9 cm), pentru a ameliora stresul \u00een zonele musculare mai mari ale corpului.<br \/>&#8211; Instrument Marma (\u00b1 10 x 8 x 3 cm), pentru stimulare meridian\u0103, reflexoterapie \u0219i puncte de declan\u0219are.<br \/>Masaj Kansa<br \/>Masajul Kansa ajut\u0103 la refacerea tenului, u\u0219ureaz\u0103 tensiunea corporal\u0103 \u0219i durerile; reduce congestia \u0219i inflama\u021bia. Aceste baghete Ayurvedic Kansa sunt modelate \u00een conformitate cu design-uri antice, combin\u00e2nd cea mai bun\u0103 m\u0103iestrie cu cele mai pure materiale, rezult\u00e2nd instrumente de masaj de o calitate de neegalat care alunec\u0103 u\u0219or de-a lungul contururilor ambelor picioare \u0219i corp, expulz\u00e2nd u\u0219or c\u0103ldura \u0219i toxinele, ajut\u00e2nd la echilibrarea fluxul de Prana (energia vie\u021bii) \u00een \u00eentregul corp.<br \/> Mod de utilizare :<br \/>Aplica\u021bi ulei de masaj \u00een zona desemnat\u0103 \u0219i freca\u021bi u\u0219or. C\u00e2nd se utilizeaz\u0103 Kansa, unii oameni se confrunt\u0103 cu o \u00eengr\u0103\u0219are a uleiului \u0219i a pielii. Cenu\u0219ia este o indica\u021bie a acidit\u0103\u021bii pielii. Schimbarea culorii \u00eenseamn\u0103 c\u0103 aciditatea este scoas\u0103 din piele \u0219i este o detoxifiere foarte delicat\u0103.<br \/>Cur\u0103\u021barea \u0219i \u00eengrijirea baghetelor dvs. Kansa :<br \/>Pentru uz personal :<br \/>Cur\u0103\u021ba\u021bi partea de bronz a masajelor de baghet\u0103 Kansa cu o c\u00e2rp\u0103 umed\u0103 rece \u0219i o pic\u0103tur\u0103 de ulei esen\u021bial de rozmarin sau arbore de ceai.<br \/>Pentru uz profesional :<br \/>Respecta\u021bi regulile obi\u0219nuite de s\u0103n\u0103tate \u0219i siguran\u021b\u0103. Cur\u0103\u021ba\u021bi \u00eentotdeauna dup\u0103 fiecare utilizare men\u021bionat\u0103 mai sus \u0219i dup\u0103 fiecare client. Asigura\u021bi-v\u0103 c\u0103 nu exist\u0103 nicio urm\u0103 de ulei esen\u021bial pe partea de bronz a baghetelor Kansa, pentru a evita iritarea pielii.<br \/> Reactiveaz\u0103 :<br \/>Pentru a cur\u0103\u021ba energetic \u0219i a re\u00eenc\u0103rca baghetele Kansa, \u021bine\u021bi ocazional suprafa\u021ba metalic\u0103 sub ap\u0103 curent\u0103 sau pune\u021bi partea de bronz a baghetelor Kansa \u00een sare din Himalaya timp de 15 minute sau freca\u021bi-le pe iarb\u0103 curat\u0103 proasp\u0103t\u0103, deoarece &#8220;murd\u0103ria&#8221; este luat\u0103 \u00eenapoi \u00een p\u0103m\u00e2nt.\/><\/p>","protected":false},"featured_media":5834,"comment_status":"closed","ping_status":"closed","template":"","meta":[],"product_cat":[76],"product_tag":[],"_links":{"self":[{"href":"https:\/\/chakrashop.ro\/hu\/wp-json\/wp\/v2\/product\/5598"}],"collection":[{"href":"https:\/\/chakrashop.ro\/hu\/wp-json\/wp\/v2\/product"}],"about":[{"href":"https:\/\/chakrashop.ro\/hu\/wp-json\/wp\/v2\/types\/product"}],"replies":[{"embeddable":true,"href":"https:\/\/chakrashop.ro\/hu\/wp-json\/wp\/v2\/comments?post=5598"}],"wp:featuredmedia":[{"embeddable":true,"href":"https:\/\/chakrashop.ro\/hu\/wp-json\/wp\/v2\/media\/5834"}],"wp:attachment":[{"href":"https:\/\/chakrashop.ro\/hu\/wp-json\/wp\/v2\/media?parent=5598"}],"wp:term":[{"taxonomy":"product_cat","embeddable":true,"href":"https:\/\/chakrashop.ro\/hu\/wp-json\/wp\/v2\/product_cat?post=5598"},{"taxonomy":"product_tag","embeddable":true,"href":"https:\/\/chakrashop.ro\/hu\/wp-json\/wp\/v2\/product_tag?post=5598"}],"curies":[{"name":"wp","href":"https:\/\/api.w.org\/{rel}","templated":true}]}}