{"id":5599,"date":"2021-07-29T13:58:16","date_gmt":"2021-07-29T10:58:16","guid":{"rendered":"https:\/\/chakrashop.ro\/product\/5599\/"},"modified":"2021-07-29T13:58:16","modified_gmt":"2021-07-29T10:58:16","slug":"pandantiv-ritual-2","status":"publish","type":"product","link":"https:\/\/chakrashop.ro\/hu\/product\/pandantiv-ritual-2\/","title":{"rendered":"Pandantiv Ritual"},"content":{"rendered":"","protected":false},"excerpt":{"rendered":"<p>Pandantiv Ritual Shell<br \/>Pandantiv ritual \u00een coaj\u0103, \u00eencastrat \u00een metal alb decorat.<br \/>Vine f\u0103r\u0103 snur.<br \/>Cochilia este unul dintre cele opt simboluri de bun augur \u00een budismul tibetan \u0219i reprezint\u0103 binecuv\u00e2nt\u0103rile r\u0103sp\u00e2ndirii \u00eenv\u0103\u021b\u0103turilor lui Buddha, precum r\u0103sp\u00e2ndirea sunetului unei cochilii suflate.<br \/>Dimensiune : 70 mm<\/p>","protected":false},"featured_media":5835,"comment_status":"closed","ping_status":"open","template":"","meta":[],"product_cat":[77],"product_tag":[],"_links":{"self":[{"href":"https:\/\/chakrashop.ro\/hu\/wp-json\/wp\/v2\/product\/5599"}],"collection":[{"href":"https:\/\/chakrashop.ro\/hu\/wp-json\/wp\/v2\/product"}],"about":[{"href":"https:\/\/chakrashop.ro\/hu\/wp-json\/wp\/v2\/types\/product"}],"replies":[{"embeddable":true,"href":"https:\/\/chakrashop.ro\/hu\/wp-json\/wp\/v2\/comments?post=5599"}],"wp:featuredmedia":[{"embeddable":true,"href":"https:\/\/chakrashop.ro\/hu\/wp-json\/wp\/v2\/media\/5835"}],"wp:attachment":[{"href":"https:\/\/chakrashop.ro\/hu\/wp-json\/wp\/v2\/media?parent=5599"}],"wp:term":[{"taxonomy":"product_cat","embeddable":true,"href":"https:\/\/chakrashop.ro\/hu\/wp-json\/wp\/v2\/product_cat?post=5599"},{"taxonomy":"product_tag","embeddable":true,"href":"https:\/\/chakrashop.ro\/hu\/wp-json\/wp\/v2\/product_tag?post=5599"}],"curies":[{"name":"wp","href":"https:\/\/api.w.org\/{rel}","templated":true}]}}