{"id":5601,"date":"2021-07-29T13:58:17","date_gmt":"2021-07-29T10:58:17","guid":{"rendered":"https:\/\/chakrashop.ro\/product\/5601\/"},"modified":"2023-07-25T10:33:30","modified_gmt":"2023-07-25T07:33:30","slug":"scoica-abalone-xxl","status":"publish","type":"product","link":"https:\/\/chakrashop.ro\/hu\/product\/scoica-abalone-xxl\/","title":{"rendered":"Scoic\u0103 Abalone XXL"},"content":{"rendered":"","protected":false},"excerpt":{"rendered":"<p>Abalone Shell XXL<br \/>Material : Shell<br \/>Dimensiune \u00een cm : 12-16<br \/>Rainbow Abalone, sau Haliotis Iris, are culori frumoase, predominant albastru \u0219i verde, iar aceast\u0103 variant\u0103 de sidef este numit\u0103 paua de c\u0103tre maori, popula\u021bia original\u0103 a Noii Zeelande.<br \/>Paua din Noua Zeeland\u0103 are cea mai frumoas\u0103 culoare din lume \u0219i sunt folosite pentru arderea salviei albe \u0219i a fumigenelor. Smudging-ul este o practic\u0103 antic\u0103 a nativilor americani, \u00een care m\u0103nunchiurile de ierburi \u0219i \/ sau p\u0103duri parfumate, cum ar fi salvie alb\u0103 \u0219i palo santo, sunt legate \u00eentre ele \u00een coaja de abalon. Aceasta, ca parte a unei ceremonii rituale sau pentru a cur\u0103\u021ba energetic o cas\u0103 sau alt spa\u021biu. G\u0103urile naturale din carcas\u0103 asigur\u0103 alimentarea cu aer.<br \/>Loca\u021bie : Noua Zeeland\u0103.<br \/>Resurse naturale durabile.<br \/>Not\u0103 : Acesta este un produs natural, varia\u021biile de m\u0103rime \u0219i culoare sunt normale, precum \u0219i \u201eimperfec\u021biunile\u201d \u00een jurul marginilor \u0219i suprafe\u021bei.<\/p>","protected":false},"featured_media":3129,"comment_status":"closed","ping_status":"closed","template":"","meta":[],"product_cat":[77],"product_tag":[],"_links":{"self":[{"href":"https:\/\/chakrashop.ro\/hu\/wp-json\/wp\/v2\/product\/5601"}],"collection":[{"href":"https:\/\/chakrashop.ro\/hu\/wp-json\/wp\/v2\/product"}],"about":[{"href":"https:\/\/chakrashop.ro\/hu\/wp-json\/wp\/v2\/types\/product"}],"replies":[{"embeddable":true,"href":"https:\/\/chakrashop.ro\/hu\/wp-json\/wp\/v2\/comments?post=5601"}],"wp:featuredmedia":[{"embeddable":true,"href":"https:\/\/chakrashop.ro\/hu\/wp-json\/wp\/v2\/media\/3129"}],"wp:attachment":[{"href":"https:\/\/chakrashop.ro\/hu\/wp-json\/wp\/v2\/media?parent=5601"}],"wp:term":[{"taxonomy":"product_cat","embeddable":true,"href":"https:\/\/chakrashop.ro\/hu\/wp-json\/wp\/v2\/product_cat?post=5601"},{"taxonomy":"product_tag","embeddable":true,"href":"https:\/\/chakrashop.ro\/hu\/wp-json\/wp\/v2\/product_tag?post=5601"}],"curies":[{"name":"wp","href":"https:\/\/api.w.org\/{rel}","templated":true}]}}