{"id":6060,"date":"2021-08-25T20:54:39","date_gmt":"2021-08-25T17:54:39","guid":{"rendered":"https:\/\/chakrashop.ro\/?post_type=product&#038;p=6060"},"modified":"2021-08-25T20:58:12","modified_gmt":"2021-08-25T17:58:12","slug":"rola-masaj-cristal-de-stanca","status":"publish","type":"product","link":"https:\/\/chakrashop.ro\/hu\/product\/rola-masaj-cristal-de-stanca\/","title":{"rendered":"Rol\u0103 Masaj Cristal de St\u00e2nc\u0103"},"content":{"rendered":"","protected":false},"excerpt":{"rendered":"<p>Rol\u0103 de masaj cuar\u021b roz<br \/>\nSpecifica\u021biile produsului :<br \/>\nCuar\u021b : protec\u021bie \u00eempotriva energiilor negative<br \/>\nCuloare metal : aur galben.<br \/>\nAmbalaj : Cutie de carton alb\u0103.<br \/>\nDimensiune : 140 mm<br \/>\nNot\u0103 : Culoarea pietrei poate varia \u00een mod natural \u0219i poate fi oarecum diferit\u0103 de imaginea prezentat\u0103.<br \/>\nCum se folose\u0219te:<br \/>\nFreca\u021bi u\u0219or fruntea, obrajii, spr\u00e2ncenele, maxilarul, buzele \u0219i g\u00e2tul, cu mi\u0219c\u0103ri largi spre punctele de drenaj limfatic. Folosi\u021bi, de asemenea, cap\u0103tul mai mic al rolei, pentru a ajunge bine la fiecare parte a fe\u021bei, de asemenea sub ochi.<\/p>","protected":false},"featured_media":6061,"comment_status":"closed","ping_status":"closed","template":"","meta":[],"product_cat":[76],"product_tag":[],"_links":{"self":[{"href":"https:\/\/chakrashop.ro\/hu\/wp-json\/wp\/v2\/product\/6060"}],"collection":[{"href":"https:\/\/chakrashop.ro\/hu\/wp-json\/wp\/v2\/product"}],"about":[{"href":"https:\/\/chakrashop.ro\/hu\/wp-json\/wp\/v2\/types\/product"}],"replies":[{"embeddable":true,"href":"https:\/\/chakrashop.ro\/hu\/wp-json\/wp\/v2\/comments?post=6060"}],"wp:featuredmedia":[{"embeddable":true,"href":"https:\/\/chakrashop.ro\/hu\/wp-json\/wp\/v2\/media\/6061"}],"wp:attachment":[{"href":"https:\/\/chakrashop.ro\/hu\/wp-json\/wp\/v2\/media?parent=6060"}],"wp:term":[{"taxonomy":"product_cat","embeddable":true,"href":"https:\/\/chakrashop.ro\/hu\/wp-json\/wp\/v2\/product_cat?post=6060"},{"taxonomy":"product_tag","embeddable":true,"href":"https:\/\/chakrashop.ro\/hu\/wp-json\/wp\/v2\/product_tag?post=6060"}],"curies":[{"name":"wp","href":"https:\/\/api.w.org\/{rel}","templated":true}]}}