{"id":6064,"date":"2021-08-25T21:03:43","date_gmt":"2021-08-25T18:03:43","guid":{"rendered":"https:\/\/chakrashop.ro\/?post_type=product&#038;p=6064"},"modified":"2021-08-25T21:06:19","modified_gmt":"2021-08-25T18:06:19","slug":"gua-sha-jad-pentru-masaj","status":"publish","type":"product","link":"https:\/\/chakrashop.ro\/hu\/product\/gua-sha-jad-pentru-masaj\/","title":{"rendered":"Gua Sha Jad pentru Masaj"},"content":{"rendered":"","protected":false},"excerpt":{"rendered":"<p>Gua Sha din Jad pentru masaj<br \/>\nGua Sha este o tehnic\u0103 antic\u0103 de vindecare chinez\u0103 care ofer\u0103 o modalitate natural\u0103 de a v\u0103 \u00eembun\u0103t\u0103\u021bi s\u0103n\u0103tatea. Folosi\u021bi piatra Gua Sha pentru a masa fa\u021ba, umerii, bra\u021bele sau picioarele. Acesta va \u00eembun\u0103t\u0103\u021bi circula\u021bia s\u00e2ngelui pielii \u0219i v\u0103 va curge chi-ul. Drept urmare, toxinele se elibereaz\u0103, neregularit\u0103\u021bile se diminueaz\u0103, iar pielea \u00ee\u021bi va recupera str\u0103lucirea natural\u0103 s\u0103n\u0103toas\u0103.<br \/>\nSpecifica\u021biile produsului :<br \/>\nDimensiune : 80 mm<br \/>\nAmbalaj : Cutie de carton alb\u0103.<br \/>\nNot\u0103 : Culoarea \u0219i forma pietrei pot varia \u0219i pot fi oarecum diferite de imaginea prezentat\u0103.<br \/>\nMod de utilizare :<br \/>\nR\u0103zuie\u0219te pielea folosind mi\u0219c\u0103ri scurte \u0219i lungi spre punctele de drenaj limfatic ale corpului \u0219i \/ sau de-a lungul mu\u0219chilor.<br \/>\nR\u0103zuirea poate provoca ro\u0219ea\u021b\u0103 \/ v\u00e2n\u0103t\u0103i la nivelul pielii, aceasta este o reac\u021bie natural\u0103 care se va recupera \u00een 24 &#8211; 72 de ore.<\/p>","protected":false},"featured_media":6065,"comment_status":"closed","ping_status":"closed","template":"","meta":[],"product_cat":[76],"product_tag":[],"_links":{"self":[{"href":"https:\/\/chakrashop.ro\/hu\/wp-json\/wp\/v2\/product\/6064"}],"collection":[{"href":"https:\/\/chakrashop.ro\/hu\/wp-json\/wp\/v2\/product"}],"about":[{"href":"https:\/\/chakrashop.ro\/hu\/wp-json\/wp\/v2\/types\/product"}],"replies":[{"embeddable":true,"href":"https:\/\/chakrashop.ro\/hu\/wp-json\/wp\/v2\/comments?post=6064"}],"wp:featuredmedia":[{"embeddable":true,"href":"https:\/\/chakrashop.ro\/hu\/wp-json\/wp\/v2\/media\/6065"}],"wp:attachment":[{"href":"https:\/\/chakrashop.ro\/hu\/wp-json\/wp\/v2\/media?parent=6064"}],"wp:term":[{"taxonomy":"product_cat","embeddable":true,"href":"https:\/\/chakrashop.ro\/hu\/wp-json\/wp\/v2\/product_cat?post=6064"},{"taxonomy":"product_tag","embeddable":true,"href":"https:\/\/chakrashop.ro\/hu\/wp-json\/wp\/v2\/product_tag?post=6064"}],"curies":[{"name":"wp","href":"https:\/\/api.w.org\/{rel}","templated":true}]}}