{"id":6077,"date":"2021-08-25T22:22:10","date_gmt":"2021-08-25T19:22:10","guid":{"rendered":"https:\/\/chakrashop.ro\/?post_type=product&#038;p=6077"},"modified":"2021-08-25T22:25:22","modified_gmt":"2021-08-25T19:25:22","slug":"salvie-alba-americana-xl","status":"publish","type":"product","link":"https:\/\/chakrashop.ro\/hu\/product\/salvie-alba-americana-xl\/","title":{"rendered":"Salvie Alb\u0103 American\u0103 XL"},"content":{"rendered":"","protected":false},"excerpt":{"rendered":"<p>Leg\u0103tur\u0103 de Salvie Alb\u0103<br \/>\nDimensiune : 230 x 40 mm<br \/>\nLeg\u0103tur\u0103 de Salvie Alb\u0103 este o plant\u0103 ceremonial\u0103 natural\u0103, ars\u0103 \u00een mod tradi\u021bional \u00een ritualurile nativilor americani. Din ce \u00een ce mai mult, medicii, terapeu\u021bii \u0219i lucr\u0103torii corporali descoper\u0103 aspectele benefice ale acestor plante. Batoanele fumigene sunt unul dintre mijloacele prin care oamenii din \u00eentreaga lume se reconecteaz\u0103 cu puterea Mamei Naturi. Utilizarea fumului de plante \u0219i r\u0103\u0219ini a evoluat posibil din focul taberei primordiale din pe\u0219terile \u00eendep\u0103rtate. Ceremonia de cur\u0103\u021bare a oamenilor, locurilor \u0219i obiectelor prin fum este continuat\u0103 ast\u0103zi. Nu numai c\u0103 este bun pentru a \u021bine la distan\u021b\u0103 insectele, anumite fumuri de plante ar putea conserva hrana \u0219i pielea. Unele batoane fumigene ar putea oferi, de asemenea, protec\u021bie \u00eempotriva spiritelor \u0219i g\u00e2ndurilor nev\u0103zute. \u00cen\u021beleptul alb ( Salvia Alb\u0103 )este ars \u00een ceremonii pentru a alunga spiritele rele, sentimentele sau influen\u021bele negative. Frunzele sunt apreciate pentru propriet\u0103\u021bile lor aromatice \u0219i sunt folosite ca un agent de respingere natural\u0103 pentru molii. \u00cen\u021beleptul alb \u00eemboln\u0103ve\u0219te spiritele rele,care se \u00eendep\u0103rteaz\u0103 de el c\u00e2nd este ars. Nu \u00eemboln\u0103ve\u0219te spiritele bune.<\/p>","protected":false},"featured_media":6078,"comment_status":"closed","ping_status":"closed","template":"","meta":[],"product_cat":[72],"product_tag":[],"_links":{"self":[{"href":"https:\/\/chakrashop.ro\/hu\/wp-json\/wp\/v2\/product\/6077"}],"collection":[{"href":"https:\/\/chakrashop.ro\/hu\/wp-json\/wp\/v2\/product"}],"about":[{"href":"https:\/\/chakrashop.ro\/hu\/wp-json\/wp\/v2\/types\/product"}],"replies":[{"embeddable":true,"href":"https:\/\/chakrashop.ro\/hu\/wp-json\/wp\/v2\/comments?post=6077"}],"wp:featuredmedia":[{"embeddable":true,"href":"https:\/\/chakrashop.ro\/hu\/wp-json\/wp\/v2\/media\/6078"}],"wp:attachment":[{"href":"https:\/\/chakrashop.ro\/hu\/wp-json\/wp\/v2\/media?parent=6077"}],"wp:term":[{"taxonomy":"product_cat","embeddable":true,"href":"https:\/\/chakrashop.ro\/hu\/wp-json\/wp\/v2\/product_cat?post=6077"},{"taxonomy":"product_tag","embeddable":true,"href":"https:\/\/chakrashop.ro\/hu\/wp-json\/wp\/v2\/product_tag?post=6077"}],"curies":[{"name":"wp","href":"https:\/\/api.w.org\/{rel}","templated":true}]}}