{"id":6080,"date":"2021-08-25T22:26:23","date_gmt":"2021-08-25T19:26:23","guid":{"rendered":"https:\/\/chakrashop.ro\/?post_type=product&#038;p=6080"},"modified":"2021-08-25T22:43:11","modified_gmt":"2021-08-25T19:43:11","slug":"pastile-carbune","status":"publish","type":"product","link":"https:\/\/chakrashop.ro\/hu\/product\/pastile-carbune\/","title":{"rendered":"Pastile C\u0103rbune"},"content":{"rendered":"","protected":false},"excerpt":{"rendered":"<p>Pachet de c\u0103rbune pentru arderea fumigenelor (t\u0103m\u00e2ie,smirn\u0103,prafuri fumigene,etc.).<\/p>\n<p>Aprindere u\u0219oar\u0103,f\u0103r\u0103 miros.<\/p>\n<p>Un pachet con\u021bine 7 buc\u0103\u021bi,cu diametrul 22 mm.<\/p>","protected":false},"featured_media":6081,"comment_status":"closed","ping_status":"closed","template":"","meta":[],"product_cat":[72],"product_tag":[],"_links":{"self":[{"href":"https:\/\/chakrashop.ro\/hu\/wp-json\/wp\/v2\/product\/6080"}],"collection":[{"href":"https:\/\/chakrashop.ro\/hu\/wp-json\/wp\/v2\/product"}],"about":[{"href":"https:\/\/chakrashop.ro\/hu\/wp-json\/wp\/v2\/types\/product"}],"replies":[{"embeddable":true,"href":"https:\/\/chakrashop.ro\/hu\/wp-json\/wp\/v2\/comments?post=6080"}],"wp:featuredmedia":[{"embeddable":true,"href":"https:\/\/chakrashop.ro\/hu\/wp-json\/wp\/v2\/media\/6081"}],"wp:attachment":[{"href":"https:\/\/chakrashop.ro\/hu\/wp-json\/wp\/v2\/media?parent=6080"}],"wp:term":[{"taxonomy":"product_cat","embeddable":true,"href":"https:\/\/chakrashop.ro\/hu\/wp-json\/wp\/v2\/product_cat?post=6080"},{"taxonomy":"product_tag","embeddable":true,"href":"https:\/\/chakrashop.ro\/hu\/wp-json\/wp\/v2\/product_tag?post=6080"}],"curies":[{"name":"wp","href":"https:\/\/api.w.org\/{rel}","templated":true}]}}