{"id":6082,"date":"2021-08-25T22:49:57","date_gmt":"2021-08-25T19:49:57","guid":{"rendered":"https:\/\/chakrashop.ro\/?post_type=product&#038;p=6082"},"modified":"2021-08-25T22:59:52","modified_gmt":"2021-08-25T19:59:52","slug":"pendul-ametist-rotund","status":"publish","type":"product","link":"https:\/\/chakrashop.ro\/hu\/product\/pendul-ametist-rotund\/","title":{"rendered":"Pendul Ametist Rotund"},"content":{"rendered":"","protected":false},"excerpt":{"rendered":"<p>Pendul Ametist Rotund<\/p>\n<p>Pendulurile promoveaz\u0103 vindecarea prin procesul de Dowsing care caut\u0103 energii invizibile. Aceasta leag\u0103 oamenii de energiile superioare din punct de vedere spiritual \u0219i poate ajuta la localizarea oric\u0103ror blocuri de energie. Pendulurile sunt folosite ca o form\u0103 de reflectare, pun\u00e2nd \u00eentreb\u0103ri pentru a primi \u00eendrum\u0103ri, con\u0219tientizare \u0219i \u00een\u021belegere.<\/p>\n<p>Note : Dimensiunea, forma \u0219i culoarea produsului pe care \u00eel ve\u021bi primi pot diferi u\u0219or de produsul prezentat \u00een imagine.<br \/>\nTip cristal : Ametist, Cuar\u021b<br \/>\nDetalii de cristal : Ametistul este soiul violet al cuar\u021bului. Culoarea violet se datoreaz\u0103 impurit\u0103\u021bilor de fier. Ametistul se g\u0103se\u0219te \u00een \u00eentreaga lume.<br \/>\nCompozi\u021bie chimic\u0103 : SiO2<br \/>\nGreutate medie : 8 g<br \/>\nDimensiune medie : 35 mm<\/p>","protected":false},"featured_media":6083,"comment_status":"closed","ping_status":"closed","template":"","meta":[],"product_cat":[75],"product_tag":[],"_links":{"self":[{"href":"https:\/\/chakrashop.ro\/hu\/wp-json\/wp\/v2\/product\/6082"}],"collection":[{"href":"https:\/\/chakrashop.ro\/hu\/wp-json\/wp\/v2\/product"}],"about":[{"href":"https:\/\/chakrashop.ro\/hu\/wp-json\/wp\/v2\/types\/product"}],"replies":[{"embeddable":true,"href":"https:\/\/chakrashop.ro\/hu\/wp-json\/wp\/v2\/comments?post=6082"}],"wp:featuredmedia":[{"embeddable":true,"href":"https:\/\/chakrashop.ro\/hu\/wp-json\/wp\/v2\/media\/6083"}],"wp:attachment":[{"href":"https:\/\/chakrashop.ro\/hu\/wp-json\/wp\/v2\/media?parent=6082"}],"wp:term":[{"taxonomy":"product_cat","embeddable":true,"href":"https:\/\/chakrashop.ro\/hu\/wp-json\/wp\/v2\/product_cat?post=6082"},{"taxonomy":"product_tag","embeddable":true,"href":"https:\/\/chakrashop.ro\/hu\/wp-json\/wp\/v2\/product_tag?post=6082"}],"curies":[{"name":"wp","href":"https:\/\/api.w.org\/{rel}","templated":true}]}}