{"id":6086,"date":"2021-08-25T23:02:35","date_gmt":"2021-08-25T20:02:35","guid":{"rendered":"https:\/\/chakrashop.ro\/?post_type=product&#038;p=6086"},"modified":"2022-09-26T10:40:04","modified_gmt":"2022-09-26T07:40:04","slug":"piramida-onix-cu-dungi-9cm","status":"publish","type":"product","link":"https:\/\/chakrashop.ro\/hu\/product\/piramida-onix-cu-dungi-9cm\/","title":{"rendered":"Piramid\u0103 Onix cu Dungi ( Calcedonie) 9cm"},"content":{"rendered":"","protected":false},"excerpt":{"rendered":"<p>Piramid\u0103 Onix cu Dungi 10 cm<br \/>\nDimensiune : 100 mm<\/p>\n<p>Onyx este una dintre soiurile de agate. O caracteristic\u0103 distinctiv\u0103 a onixului sunt benzile de ro\u0219u, alb, maro, negru. Se crede c\u0103 cu c\u00e2t mai sub\u021bire e banda, piatra onyx este cu at\u00e2t mai valoroas\u0103. Exist\u0103 cristale transparente \u0219i opace.<\/p>\n<p>Piatra Onix are propriet\u0103\u021bi de vindecare. \u00cen medicina popular\u0103, exist\u0103 opinia c\u0103 onixul de piatr\u0103 vindec\u0103 multe boli. De exemplu, \u00een cazul \u00een care produsele din onix sunt purtate pe corp, acesta va \u00eembun\u0103t\u0103\u021bi activitatea de aproape toate organele interne (\u00een special la rinichi \u0219i ficat).<\/p>","protected":false},"featured_media":6087,"comment_status":"closed","ping_status":"closed","template":"","meta":[],"product_cat":[75],"product_tag":[],"_links":{"self":[{"href":"https:\/\/chakrashop.ro\/hu\/wp-json\/wp\/v2\/product\/6086"}],"collection":[{"href":"https:\/\/chakrashop.ro\/hu\/wp-json\/wp\/v2\/product"}],"about":[{"href":"https:\/\/chakrashop.ro\/hu\/wp-json\/wp\/v2\/types\/product"}],"replies":[{"embeddable":true,"href":"https:\/\/chakrashop.ro\/hu\/wp-json\/wp\/v2\/comments?post=6086"}],"wp:featuredmedia":[{"embeddable":true,"href":"https:\/\/chakrashop.ro\/hu\/wp-json\/wp\/v2\/media\/6087"}],"wp:attachment":[{"href":"https:\/\/chakrashop.ro\/hu\/wp-json\/wp\/v2\/media?parent=6086"}],"wp:term":[{"taxonomy":"product_cat","embeddable":true,"href":"https:\/\/chakrashop.ro\/hu\/wp-json\/wp\/v2\/product_cat?post=6086"},{"taxonomy":"product_tag","embeddable":true,"href":"https:\/\/chakrashop.ro\/hu\/wp-json\/wp\/v2\/product_tag?post=6086"}],"curies":[{"name":"wp","href":"https:\/\/api.w.org\/{rel}","templated":true}]}}