{"id":6089,"date":"2021-08-25T23:20:11","date_gmt":"2021-08-25T20:20:11","guid":{"rendered":"https:\/\/chakrashop.ro\/?post_type=product&#038;p=6089"},"modified":"2022-09-26T10:39:39","modified_gmt":"2022-09-26T07:39:39","slug":"geanta-umar-7-chakre","status":"publish","type":"product","link":"https:\/\/chakrashop.ro\/hu\/product\/geanta-umar-7-chakre\/","title":{"rendered":"Geant\u0103 Um\u0103r 7 Chakre"},"content":{"rendered":"","protected":false},"excerpt":{"rendered":"<p>Geant\u0103 de um\u0103r brodat\u0103 cu simbolurile Chakrelor,confec\u021bionat\u0103 \u00een Nepal.<\/p>\n<p>Material: Bumbac<\/p>\n<p>Dimensiune: 32 x 32cm<\/p>","protected":false},"featured_media":6090,"comment_status":"open","ping_status":"closed","template":"","meta":[],"product_cat":[75],"product_tag":[],"_links":{"self":[{"href":"https:\/\/chakrashop.ro\/hu\/wp-json\/wp\/v2\/product\/6089"}],"collection":[{"href":"https:\/\/chakrashop.ro\/hu\/wp-json\/wp\/v2\/product"}],"about":[{"href":"https:\/\/chakrashop.ro\/hu\/wp-json\/wp\/v2\/types\/product"}],"replies":[{"embeddable":true,"href":"https:\/\/chakrashop.ro\/hu\/wp-json\/wp\/v2\/comments?post=6089"}],"wp:featuredmedia":[{"embeddable":true,"href":"https:\/\/chakrashop.ro\/hu\/wp-json\/wp\/v2\/media\/6090"}],"wp:attachment":[{"href":"https:\/\/chakrashop.ro\/hu\/wp-json\/wp\/v2\/media?parent=6089"}],"wp:term":[{"taxonomy":"product_cat","embeddable":true,"href":"https:\/\/chakrashop.ro\/hu\/wp-json\/wp\/v2\/product_cat?post=6089"},{"taxonomy":"product_tag","embeddable":true,"href":"https:\/\/chakrashop.ro\/hu\/wp-json\/wp\/v2\/product_tag?post=6089"}],"curies":[{"name":"wp","href":"https:\/\/api.w.org\/{rel}","templated":true}]}}