{"id":6094,"date":"2021-08-26T20:46:16","date_gmt":"2021-08-26T17:46:16","guid":{"rendered":"https:\/\/chakrashop.ro\/?post_type=product&#038;p=6094"},"modified":"2023-09-19T14:21:24","modified_gmt":"2023-09-19T11:21:24","slug":"set-pentru-ceai-japonez","status":"publish","type":"product","link":"https:\/\/chakrashop.ro\/hu\/product\/set-pentru-ceai-japonez\/","title":{"rendered":"Set Pentru Ceai Japonez"},"content":{"rendered":"","protected":false},"excerpt":{"rendered":"<p>Set pentru ceai japonez din font\u0103,complet emailat \u00een interior. Include filtru de o\u021bel inoxidabil Micromesh pentru ceaiuri. M\u00e2nerul are o protec\u021bie \u00eempotriva c\u0103ldurii din fr\u00e2nghie \u0219i ofer\u0103 o aderare mai bun\u0103.<\/p>\n<p class=\"p1\">Japonezii \u0219i chinezii au folosit ceainice din font\u0103 de secole pentru a prepara ceaiurile lor cele mai bune \u0219i pentru a ad\u0103uga elegan\u021b\u0103 artistic\u0103 gospod\u0103riei lor. O ceremonie a ceaiului este un moment de senin\u0103tate \u0219i relaxare \u00een timpul vie\u021bii noastre aglomerate.<\/p>\n<p>Aceste seturi din font\u0103 sunt favorizate \u00een mod tradi\u021bional pentru designul lor elegant \u0219i capacitatea de a p\u0103stra c\u0103ldura pentru perioade lungi de timp. C\u0103ldura este distribuit\u0103 uniform pentru a extrage mai bine aroma ceaiului. Acest lucru asigur\u0103, de asemenea, c\u0103 acesta r\u0103m\u00e2ne fierbinte pentru perioade mai lungi.Pot \u00eembun\u0103t\u0103\u021bi calitatea apei, face apa mai moale \u0219i mai dulce, care poate, de asemenea, s\u0103\u00a0 ajute ceaiul s\u0103 ating\u0103 o arom\u0103 distinct\u0103 \u0219i rafinat\u0103. Interiorul complet emailat ajut\u0103 la p\u0103strarea gustului original al ceaiului \u0219i permite o \u00eengrijire u\u0219oar\u0103.<\/p>\n<p>Setul con\u021bine:<\/p>\n<ul>\n<li>Ceainic din font\u0103 1,2 l<\/li>\n<li>4 pahare din font\u0103<\/li>\n<li>Suport pentru inc\u0103lzire pe aragaz \u0219i servire<\/li>\n<li>Plasa Micromesh pentru ceaiuri<\/li>\n<li>Suport pentru ridicarea capacului<\/li>\n<\/ul>","protected":false},"featured_media":6095,"comment_status":"open","ping_status":"closed","template":"","meta":[],"product_cat":[75],"product_tag":[],"_links":{"self":[{"href":"https:\/\/chakrashop.ro\/hu\/wp-json\/wp\/v2\/product\/6094"}],"collection":[{"href":"https:\/\/chakrashop.ro\/hu\/wp-json\/wp\/v2\/product"}],"about":[{"href":"https:\/\/chakrashop.ro\/hu\/wp-json\/wp\/v2\/types\/product"}],"replies":[{"embeddable":true,"href":"https:\/\/chakrashop.ro\/hu\/wp-json\/wp\/v2\/comments?post=6094"}],"wp:featuredmedia":[{"embeddable":true,"href":"https:\/\/chakrashop.ro\/hu\/wp-json\/wp\/v2\/media\/6095"}],"wp:attachment":[{"href":"https:\/\/chakrashop.ro\/hu\/wp-json\/wp\/v2\/media?parent=6094"}],"wp:term":[{"taxonomy":"product_cat","embeddable":true,"href":"https:\/\/chakrashop.ro\/hu\/wp-json\/wp\/v2\/product_cat?post=6094"},{"taxonomy":"product_tag","embeddable":true,"href":"https:\/\/chakrashop.ro\/hu\/wp-json\/wp\/v2\/product_tag?post=6094"}],"curies":[{"name":"wp","href":"https:\/\/api.w.org\/{rel}","templated":true}]}}