{"id":6097,"date":"2021-08-26T21:02:47","date_gmt":"2021-08-26T18:02:47","guid":{"rendered":"https:\/\/chakrashop.ro\/?post_type=product&#038;p=6097"},"modified":"2022-09-26T12:08:30","modified_gmt":"2022-09-26T09:08:30","slug":"set-infuzor-ceai-buddha","status":"publish","type":"product","link":"https:\/\/chakrashop.ro\/hu\/product\/set-infuzor-ceai-buddha\/","title":{"rendered":"Set Infuzor Ceai Buddha"},"content":{"rendered":"","protected":false},"excerpt":{"rendered":"<p class=\"p1\">Set infuzor de ceai Buddha<\/p>\n<p class=\"p1\">Material: Por\u021belan \u0219i o\u021bel inoxidabil.<\/p>\n<p class=\"p1\">Con\u021binut : 400 ml<\/p>\n<p class=\"p1\">Can\u0103 de ceai colorat\u0103 cu capac \u0219i infuzor din o\u021bel inoxidabil, ambalat\u0103 \u00eentr-o cutie cadou din carton.<\/p>\n<p class=\"p1\">Por\u021belan Bone China<\/p>\n<p class=\"p1\">Caolinul, feldspatul \u0219i cuar\u021bul care sunt utilizate \u00een mod normal pentru argila din por\u021belan sunt amestecate cu minimum 35% cenu\u0219\u0103 osoas\u0103. Acest lucru creeaz\u0103 cel mai puternic tip de por\u021belan care exist\u0103 \u0219i creeaz\u0103 culoarea de filde\u0219 specific\u0103. Datorit\u0103 compozi\u021biei sale, por\u021belanul osos poate fi copt la o temperatur\u0103 de aproximativ 1250 \u00b0 C.<\/p>","protected":false},"featured_media":6098,"comment_status":"open","ping_status":"closed","template":"","meta":[],"product_cat":[75],"product_tag":[],"_links":{"self":[{"href":"https:\/\/chakrashop.ro\/hu\/wp-json\/wp\/v2\/product\/6097"}],"collection":[{"href":"https:\/\/chakrashop.ro\/hu\/wp-json\/wp\/v2\/product"}],"about":[{"href":"https:\/\/chakrashop.ro\/hu\/wp-json\/wp\/v2\/types\/product"}],"replies":[{"embeddable":true,"href":"https:\/\/chakrashop.ro\/hu\/wp-json\/wp\/v2\/comments?post=6097"}],"wp:featuredmedia":[{"embeddable":true,"href":"https:\/\/chakrashop.ro\/hu\/wp-json\/wp\/v2\/media\/6098"}],"wp:attachment":[{"href":"https:\/\/chakrashop.ro\/hu\/wp-json\/wp\/v2\/media?parent=6097"}],"wp:term":[{"taxonomy":"product_cat","embeddable":true,"href":"https:\/\/chakrashop.ro\/hu\/wp-json\/wp\/v2\/product_cat?post=6097"},{"taxonomy":"product_tag","embeddable":true,"href":"https:\/\/chakrashop.ro\/hu\/wp-json\/wp\/v2\/product_tag?post=6097"}],"curies":[{"name":"wp","href":"https:\/\/api.w.org\/{rel}","templated":true}]}}