{"id":6099,"date":"2021-08-26T21:05:33","date_gmt":"2021-08-26T18:05:33","guid":{"rendered":"https:\/\/chakrashop.ro\/?post_type=product&#038;p=6099"},"modified":"2022-09-26T12:08:43","modified_gmt":"2022-09-26T09:08:43","slug":"cana-cu-floarea-vietii","status":"publish","type":"product","link":"https:\/\/chakrashop.ro\/hu\/product\/cana-cu-floarea-vietii\/","title":{"rendered":"Can\u0103 cu Floarea Vie\u021bii"},"content":{"rendered":"","protected":false},"excerpt":{"rendered":"<p class=\"p1\">Cea\u0219c\u0103 de ceai Floarea vie\u021bii<\/p>\n<p class=\"p1\">Material : ceramic\u0103<\/p>\n<p class=\"p1\">Con\u021binut : 350 ml<\/p>\n<p class=\"p1\">Ceaiul, cafeaua \u0219i cacao fierbinte nu sunt servite cel mai bine \u00eentr-o can\u0103 mare? Aceast\u0103 can\u0103 din ceramic\u0103 are un aspect natural \u0219i este \u00eempodobit\u0103 cu simbolul Floarea Vie\u021bii. Perfect pentru un moment de relaxare \u0219i bucurie.<\/p>\n<p class=\"p1\">Cea\u0219ca este rezistent\u0103 la ma\u0219in\u0103 de sp\u0103lat vase \u0219i cuptor cu microunde.<\/p>","protected":false},"featured_media":6100,"comment_status":"open","ping_status":"closed","template":"","meta":[],"product_cat":[75],"product_tag":[],"_links":{"self":[{"href":"https:\/\/chakrashop.ro\/hu\/wp-json\/wp\/v2\/product\/6099"}],"collection":[{"href":"https:\/\/chakrashop.ro\/hu\/wp-json\/wp\/v2\/product"}],"about":[{"href":"https:\/\/chakrashop.ro\/hu\/wp-json\/wp\/v2\/types\/product"}],"replies":[{"embeddable":true,"href":"https:\/\/chakrashop.ro\/hu\/wp-json\/wp\/v2\/comments?post=6099"}],"wp:featuredmedia":[{"embeddable":true,"href":"https:\/\/chakrashop.ro\/hu\/wp-json\/wp\/v2\/media\/6100"}],"wp:attachment":[{"href":"https:\/\/chakrashop.ro\/hu\/wp-json\/wp\/v2\/media?parent=6099"}],"wp:term":[{"taxonomy":"product_cat","embeddable":true,"href":"https:\/\/chakrashop.ro\/hu\/wp-json\/wp\/v2\/product_cat?post=6099"},{"taxonomy":"product_tag","embeddable":true,"href":"https:\/\/chakrashop.ro\/hu\/wp-json\/wp\/v2\/product_tag?post=6099"}],"curies":[{"name":"wp","href":"https:\/\/api.w.org\/{rel}","templated":true}]}}