{"id":6119,"date":"2021-08-26T21:58:42","date_gmt":"2021-08-26T18:58:42","guid":{"rendered":"https:\/\/chakrashop.ro\/?post_type=product&#038;p=6119"},"modified":"2022-03-04T17:53:08","modified_gmt":"2022-03-04T15:53:08","slug":"difuzor-cu-ultrasunete-pentru-aromaterapie","status":"publish","type":"product","link":"https:\/\/chakrashop.ro\/hu\/product\/difuzor-cu-ultrasunete-pentru-aromaterapie\/","title":{"rendered":"Difuzor cu Ultrasunete pentru Aromaterapie"},"content":{"rendered":"","protected":false},"excerpt":{"rendered":"<p>Un atomizator calitativ de \u00eenalt\u0103 tehnologie de uleiuri esen\u021biale. Cu LED-uri \u00eencorporate \u00een 7 culori, care pot fi blocate pe culoarea preferat\u0103, precum \u0219i pe un comutator pentru difuzie constant\u0103 sau intermitent\u0103.<\/p>\n<p>Specifica\u021bii produsului:<\/p>\n<p>Difuzor de arom\u0103: 200 ml<\/p>\n<p>Putere: 9 W<\/p>\n<p>Input: DC 24V<\/p>\n<p>Zona de acoperire: 20-40 m2<\/p>\n<p>7 Color LED-uri Comutator de ciclu pentru difuzie constant\u0103 sau intermitent\u0103<\/p>\n<p>Protec\u021bia deficitului de ap\u0103<\/p>","protected":false},"featured_media":6120,"comment_status":"open","ping_status":"closed","template":"","meta":[],"product_cat":[75],"product_tag":[],"_links":{"self":[{"href":"https:\/\/chakrashop.ro\/hu\/wp-json\/wp\/v2\/product\/6119"}],"collection":[{"href":"https:\/\/chakrashop.ro\/hu\/wp-json\/wp\/v2\/product"}],"about":[{"href":"https:\/\/chakrashop.ro\/hu\/wp-json\/wp\/v2\/types\/product"}],"replies":[{"embeddable":true,"href":"https:\/\/chakrashop.ro\/hu\/wp-json\/wp\/v2\/comments?post=6119"}],"wp:featuredmedia":[{"embeddable":true,"href":"https:\/\/chakrashop.ro\/hu\/wp-json\/wp\/v2\/media\/6120"}],"wp:attachment":[{"href":"https:\/\/chakrashop.ro\/hu\/wp-json\/wp\/v2\/media?parent=6119"}],"wp:term":[{"taxonomy":"product_cat","embeddable":true,"href":"https:\/\/chakrashop.ro\/hu\/wp-json\/wp\/v2\/product_cat?post=6119"},{"taxonomy":"product_tag","embeddable":true,"href":"https:\/\/chakrashop.ro\/hu\/wp-json\/wp\/v2\/product_tag?post=6119"}],"curies":[{"name":"wp","href":"https:\/\/api.w.org\/{rel}","templated":true}]}}