{"id":6178,"date":"2021-08-27T23:21:21","date_gmt":"2021-08-27T20:21:21","guid":{"rendered":"https:\/\/chakrashop.ro\/?post_type=product&#038;p=6178"},"modified":"2021-08-27T23:32:15","modified_gmt":"2021-08-27T20:32:15","slug":"buddha-statuie-mare-din-bambus","status":"publish","type":"product","link":"https:\/\/chakrashop.ro\/hu\/product\/buddha-statuie-mare-din-bambus\/","title":{"rendered":"Buddha Statuie Mare din Bambus"},"content":{"rendered":"","protected":false},"excerpt":{"rendered":"<p>Statuia lui Buddha<br \/>\nMaterial : Bambus natural<br \/>\nDimensiune \u00een cm : 50<br \/>\nBuddha \u00een stil Chinezesc, sculptat\u0103 dintr-o singur\u0103 bucat\u0103 de bambus.<\/p>\n<p>Buddha simbol de pace interioara, bunastare, claritate mentala, intelepciune si iluminare, recunoscut universal, este reprezentat de cele mai multe ori in forma unor statui.<\/p>","protected":false},"featured_media":6180,"comment_status":"closed","ping_status":"closed","template":"","meta":[],"product_cat":[75],"product_tag":[],"_links":{"self":[{"href":"https:\/\/chakrashop.ro\/hu\/wp-json\/wp\/v2\/product\/6178"}],"collection":[{"href":"https:\/\/chakrashop.ro\/hu\/wp-json\/wp\/v2\/product"}],"about":[{"href":"https:\/\/chakrashop.ro\/hu\/wp-json\/wp\/v2\/types\/product"}],"replies":[{"embeddable":true,"href":"https:\/\/chakrashop.ro\/hu\/wp-json\/wp\/v2\/comments?post=6178"}],"wp:featuredmedia":[{"embeddable":true,"href":"https:\/\/chakrashop.ro\/hu\/wp-json\/wp\/v2\/media\/6180"}],"wp:attachment":[{"href":"https:\/\/chakrashop.ro\/hu\/wp-json\/wp\/v2\/media?parent=6178"}],"wp:term":[{"taxonomy":"product_cat","embeddable":true,"href":"https:\/\/chakrashop.ro\/hu\/wp-json\/wp\/v2\/product_cat?post=6178"},{"taxonomy":"product_tag","embeddable":true,"href":"https:\/\/chakrashop.ro\/hu\/wp-json\/wp\/v2\/product_tag?post=6178"}],"curies":[{"name":"wp","href":"https:\/\/api.w.org\/{rel}","templated":true}]}}