{"id":6259,"date":"2022-09-26T12:37:35","date_gmt":"2022-09-26T09:37:35","guid":{"rendered":"https:\/\/chakrashop.ro\/?post_type=product&#038;p=6259"},"modified":"2022-09-26T12:37:35","modified_gmt":"2022-09-26T09:37:35","slug":"bratara-cu-arhanghel-mihai","status":"publish","type":"product","link":"https:\/\/chakrashop.ro\/hu\/product\/bratara-cu-arhanghel-mihai\/","title":{"rendered":"Br\u0103\u021bar\u0103 cu Arhanghel Mihai"},"content":{"rendered":"","protected":false},"excerpt":{"rendered":"<p>Br\u0103\u021bar\u0103 protectoare cu Arhanghel Mihai, din aliaj de lung\u0103 durat\u0103,cu m\u0103rgele din lemn \u0219i acvamarin.<\/p>\n<p>Dimensiune m\u0103rgele: 8 mm<\/p>","protected":false},"featured_media":6260,"comment_status":"open","ping_status":"closed","template":"","meta":[],"product_cat":[71],"product_tag":[],"_links":{"self":[{"href":"https:\/\/chakrashop.ro\/hu\/wp-json\/wp\/v2\/product\/6259"}],"collection":[{"href":"https:\/\/chakrashop.ro\/hu\/wp-json\/wp\/v2\/product"}],"about":[{"href":"https:\/\/chakrashop.ro\/hu\/wp-json\/wp\/v2\/types\/product"}],"replies":[{"embeddable":true,"href":"https:\/\/chakrashop.ro\/hu\/wp-json\/wp\/v2\/comments?post=6259"}],"wp:featuredmedia":[{"embeddable":true,"href":"https:\/\/chakrashop.ro\/hu\/wp-json\/wp\/v2\/media\/6260"}],"wp:attachment":[{"href":"https:\/\/chakrashop.ro\/hu\/wp-json\/wp\/v2\/media?parent=6259"}],"wp:term":[{"taxonomy":"product_cat","embeddable":true,"href":"https:\/\/chakrashop.ro\/hu\/wp-json\/wp\/v2\/product_cat?post=6259"},{"taxonomy":"product_tag","embeddable":true,"href":"https:\/\/chakrashop.ro\/hu\/wp-json\/wp\/v2\/product_tag?post=6259"}],"curies":[{"name":"wp","href":"https:\/\/api.w.org\/{rel}","templated":true}]}}