{"id":6267,"date":"2022-09-26T13:03:27","date_gmt":"2022-09-26T10:03:27","guid":{"rendered":"https:\/\/chakrashop.ro\/?post_type=product&#038;p=6267"},"modified":"2022-09-26T13:03:27","modified_gmt":"2022-09-26T10:03:27","slug":"bratara-cu-mantra","status":"publish","type":"product","link":"https:\/\/chakrashop.ro\/hu\/product\/bratara-cu-mantra\/","title":{"rendered":"Br\u0103\u021bar\u0103 cu Mantra"},"content":{"rendered":"","protected":false},"excerpt":{"rendered":"<p>Br\u0103\u021bar\u0103 cu Mantra \u00een limba Sanscrit\u0103 : Om mani pad me hum<\/p>\n<p>Dimensiune: Reglabil \/ 3 cm<\/p>\n<p>Aliaj durabil.<\/p>","protected":false},"featured_media":6268,"comment_status":"open","ping_status":"closed","template":"","meta":[],"product_cat":[71],"product_tag":[],"_links":{"self":[{"href":"https:\/\/chakrashop.ro\/hu\/wp-json\/wp\/v2\/product\/6267"}],"collection":[{"href":"https:\/\/chakrashop.ro\/hu\/wp-json\/wp\/v2\/product"}],"about":[{"href":"https:\/\/chakrashop.ro\/hu\/wp-json\/wp\/v2\/types\/product"}],"replies":[{"embeddable":true,"href":"https:\/\/chakrashop.ro\/hu\/wp-json\/wp\/v2\/comments?post=6267"}],"wp:featuredmedia":[{"embeddable":true,"href":"https:\/\/chakrashop.ro\/hu\/wp-json\/wp\/v2\/media\/6268"}],"wp:attachment":[{"href":"https:\/\/chakrashop.ro\/hu\/wp-json\/wp\/v2\/media?parent=6267"}],"wp:term":[{"taxonomy":"product_cat","embeddable":true,"href":"https:\/\/chakrashop.ro\/hu\/wp-json\/wp\/v2\/product_cat?post=6267"},{"taxonomy":"product_tag","embeddable":true,"href":"https:\/\/chakrashop.ro\/hu\/wp-json\/wp\/v2\/product_tag?post=6267"}],"curies":[{"name":"wp","href":"https:\/\/api.w.org\/{rel}","templated":true}]}}