{"id":6559,"date":"2023-10-25T13:36:23","date_gmt":"2023-10-25T10:36:23","guid":{"rendered":"https:\/\/chakrashop.ro\/?post_type=product&#038;p=6559"},"modified":"2023-10-25T13:36:23","modified_gmt":"2023-10-25T10:36:23","slug":"statuie-harpokrates-god-of-silence-230cm","status":"publish","type":"product","link":"https:\/\/chakrashop.ro\/hu\/product\/statuie-harpokrates-god-of-silence-230cm\/","title":{"rendered":"Statuie Harpokrates (God of Silence) 230cm"},"content":{"rendered":"<p>Cod produs: e79230<\/p>","protected":false},"excerpt":{"rendered":"<p>Statuia este fabricat\u0103 din r\u0103sin\u0103 epoxidic\u0103 ramforsat\u0103 cu fibr\u0103 de sticl\u0103, se poate expune \u00een spa\u021bii interioare s-au exterioare, este rezistent\u0103 la ploaie \u0219i ninsori.<\/p>\n<p>Dimensiune: 230 cm<\/p>\n<p>Produsul este disponibil numai la comand\u0103 \u0219i se percepe un avans de 50% din valoarea comenzii,v\u0103 contact\u0103m pentru detalii.<\/p>\n<p>Timp de executare a comenzii: +- 21 zile lucr\u0103toare.<\/p>\n<p>Aten\u021bie:\u00a0 Av\u00e2nd \u00een vedere c\u0103 produsul este atipic \u0219i sensibil,costul transportului nu este inclus \u00een pre\u021b \u0219i se negociaz\u0103 cu transportatorul la momentul comenzii.<\/p>","protected":false},"featured_media":6514,"comment_status":"open","ping_status":"closed","template":"","meta":[],"product_cat":[79],"product_tag":[],"_links":{"self":[{"href":"https:\/\/chakrashop.ro\/hu\/wp-json\/wp\/v2\/product\/6559"}],"collection":[{"href":"https:\/\/chakrashop.ro\/hu\/wp-json\/wp\/v2\/product"}],"about":[{"href":"https:\/\/chakrashop.ro\/hu\/wp-json\/wp\/v2\/types\/product"}],"replies":[{"embeddable":true,"href":"https:\/\/chakrashop.ro\/hu\/wp-json\/wp\/v2\/comments?post=6559"}],"wp:featuredmedia":[{"embeddable":true,"href":"https:\/\/chakrashop.ro\/hu\/wp-json\/wp\/v2\/media\/6514"}],"wp:attachment":[{"href":"https:\/\/chakrashop.ro\/hu\/wp-json\/wp\/v2\/media?parent=6559"}],"wp:term":[{"taxonomy":"product_cat","embeddable":true,"href":"https:\/\/chakrashop.ro\/hu\/wp-json\/wp\/v2\/product_cat?post=6559"},{"taxonomy":"product_tag","embeddable":true,"href":"https:\/\/chakrashop.ro\/hu\/wp-json\/wp\/v2\/product_tag?post=6559"}],"curies":[{"name":"wp","href":"https:\/\/api.w.org\/{rel}","templated":true}]}}