{"id":6560,"date":"2023-10-25T14:12:51","date_gmt":"2023-10-25T11:12:51","guid":{"rendered":"https:\/\/chakrashop.ro\/?post_type=product&#038;p=6560"},"modified":"2024-06-30T11:10:43","modified_gmt":"2024-06-30T08:10:43","slug":"statuie-izis-125cm","status":"publish","type":"product","link":"https:\/\/chakrashop.ro\/hu\/product\/statuie-izis-125cm\/","title":{"rendered":"Statuie Izis 125cm"},"content":{"rendered":"<p>Cod produs: e58125<\/p>","protected":false},"excerpt":{"rendered":"<p>Statuia este fabricat\u0103 din r\u0103sin\u0103 epoxidic\u0103 ramforsat\u0103 cu fibr\u0103 de sticl\u0103, se poate expune \u00een spa\u021bii interioare s-au exterioare, este rezistent\u0103 la ploaie \u0219i ninsori.<\/p>\n<p>Dimensiune: 125 cm<\/p>\n<p>Produsul este disponibil numai la comand\u0103 \u0219i se percepe un avans de 50% din valoarea comenzii,v\u0103 contact\u0103m pentru detalii.<\/p>\n<p>Timp de executare a comenzii: +- 21 zile lucr\u0103toare.<\/p>\n<p>Aten\u021bie:\u00a0 Av\u00e2nd \u00een vedere c\u0103 produsul este atipic \u0219i sensibil,costul transportului nu este inclus \u00een pre\u021b \u0219i se negociaz\u0103 cu transportatorul la momentul comenzii.<\/p>","protected":false},"featured_media":6512,"comment_status":"open","ping_status":"closed","template":"","meta":[],"product_cat":[79],"product_tag":[],"_links":{"self":[{"href":"https:\/\/chakrashop.ro\/hu\/wp-json\/wp\/v2\/product\/6560"}],"collection":[{"href":"https:\/\/chakrashop.ro\/hu\/wp-json\/wp\/v2\/product"}],"about":[{"href":"https:\/\/chakrashop.ro\/hu\/wp-json\/wp\/v2\/types\/product"}],"replies":[{"embeddable":true,"href":"https:\/\/chakrashop.ro\/hu\/wp-json\/wp\/v2\/comments?post=6560"}],"wp:featuredmedia":[{"embeddable":true,"href":"https:\/\/chakrashop.ro\/hu\/wp-json\/wp\/v2\/media\/6512"}],"wp:attachment":[{"href":"https:\/\/chakrashop.ro\/hu\/wp-json\/wp\/v2\/media?parent=6560"}],"wp:term":[{"taxonomy":"product_cat","embeddable":true,"href":"https:\/\/chakrashop.ro\/hu\/wp-json\/wp\/v2\/product_cat?post=6560"},{"taxonomy":"product_tag","embeddable":true,"href":"https:\/\/chakrashop.ro\/hu\/wp-json\/wp\/v2\/product_tag?post=6560"}],"curies":[{"name":"wp","href":"https:\/\/api.w.org\/{rel}","templated":true}]}}